{"id":10450,"date":"2024-02-16T11:43:46","date_gmt":"2024-02-16T11:43:46","guid":{"rendered":"https:\/\/domuspacis.it\/missao\/"},"modified":"2024-08-27T15:16:24","modified_gmt":"2024-08-27T15:16:24","slug":"missao","status":"publish","type":"page","link":"https:\/\/domuspacis.it\/pt-pt\/missao\/","title":{"rendered":"MISS\u00c3O"},"content":{"rendered":"\t\t<div data-elementor-type=\"wp-page\" data-elementor-id=\"10450\" class=\"elementor elementor-10450 elementor-6851\" data-elementor-post-type=\"page\">\n\t\t\t\t\t\t<section class=\"elementor-section elementor-top-section elementor-element elementor-element-87d4aea elementor-section-full_width elementor-section-stretched elementor-section-height-default elementor-section-height-default\" data-id=\"87d4aea\" data-element_type=\"section\" data-settings=\"{&quot;stretch_section&quot;:&quot;section-stretched&quot;,&quot;background_background&quot;:&quot;classic&quot;}\">\n\t\t\t\t\t\t<div class=\"elementor-container elementor-column-gap-no\">\n\t\t\t\t\t<div class=\"elementor-column elementor-col-100 elementor-top-column elementor-element elementor-element-f503611\" data-id=\"f503611\" data-element_type=\"column\">\n\t\t\t<div class=\"elementor-widget-wrap elementor-element-populated\">\n\t\t\t\t\t\t<div class=\"elementor-element elementor-element-ca4ee37 elementor-widget elementor-widget-apus_element_revslider\" data-id=\"ca4ee37\" data-element_type=\"widget\" data-widget_type=\"apus_element_revslider.default\">\n\t\t\t\t<div class=\"elementor-widget-container\">\n\t\t\t\t\t        <div class=\"widget-revslider \">\r\n            \n\t\t\t<!-- START Missionpt REVOLUTION SLIDER 6.7.39 --><p class=\"rs-p-wp-fix\"><\/p>\n\t\t\t<rs-module-wrap id=\"rev_slider_113_1_wrapper\" data-source=\"gallery\" style=\"visibility:hidden;background:linear-gradient(rgba(79,128,175,1) 0%, rgba(227,225,222,1) 100%);padding:0;margin:0px auto;margin-top:0;margin-bottom:0;\">\n\t\t\t\t<rs-module id=\"rev_slider_113_1\" style=\"\" data-version=\"6.7.39\">\n\t\t\t\t\t<rs-slides style=\"overflow: hidden; position: absolute;\">\n\t\t\t\t\t\t<rs-slide style=\"position: absolute;\" data-key=\"rs-114\" data-title=\"Slide\" data-anim=\"ms:3000ms;\" data-in=\"o:0;\" data-out=\"a:false;\">\n\t\t\t\t\t\t\t<img fetchpriority=\"high\" decoding=\"async\" src=\"\/\/domuspacis.it\/wp-content\/plugins\/revslider\/sr6\/assets\/assets\/dummy.png\" alt=\"\" title=\"domus-pacis-assisi-san-francesco-porziuncola-umbria-relax\" width=\"1536\" height=\"1024\" class=\"rev-slidebg tp-rs-img rs-lazyload\" data-lazyload=\"\/\/domuspacis.it\/wp-content\/uploads\/2024\/02\/domus-pacis-assisi-san-francesco-porziuncola-umbria-relax.jpg\" data-no-retina>\n<!--\n\t\t\t\t\t\t\t--><h1\n\t\t\t\t\t\t\t\tid=\"slider-113-slide-114-layer-1\" \n\t\t\t\t\t\t\t\tclass=\"rs-layer\"\n\t\t\t\t\t\t\t\tdata-type=\"text\"\n\t\t\t\t\t\t\t\tdata-color=\"#f9ebc7\"\n\t\t\t\t\t\t\t\tdata-rsp_ch=\"on\"\n\t\t\t\t\t\t\t\tdata-xy=\"x:c;y:m;yo:0,0,0,-50px;\"\n\t\t\t\t\t\t\t\tdata-text=\"w:normal;s:60,60,42,35;l:70,100,65,69;a:center;\"\n\t\t\t\t\t\t\t\tdata-dim=\"w:1293px,873px,207px,217px;h:88px,auto,300px,auto;\"\n\t\t\t\t\t\t\t\tdata-frame_0=\"o:1;\"\n\t\t\t\t\t\t\t\tdata-frame_0_chars=\"d:5;y:-100%;o:0;rZ:35deg;\"\n\t\t\t\t\t\t\t\tdata-frame_0_mask=\"u:t;\"\n\t\t\t\t\t\t\t\tdata-frame_1=\"st:610;sp:500;sR:610;\"\n\t\t\t\t\t\t\t\tdata-frame_1_chars=\"e:power4.inOut;d:10;rZ:0deg;\"\n\t\t\t\t\t\t\t\tdata-frame_1_mask=\"u:t;\"\n\t\t\t\t\t\t\t\tdata-frame_999=\"o:0;st:w;sR:5690;\"\n\t\t\t\t\t\t\t\tstyle=\"z-index:7;font-family:'Ephesis';word-spacing:2rem;\"\n\t\t\t\t\t\t\t>Acolhimento Encontro Espiritualidade \n\t\t\t\t\t\t\t<\/h1><!--\n\n\t\t\t\t\t\t\t--><rs-layer\n\t\t\t\t\t\t\t\tid=\"slider-113-slide-114-layer-2\" \n\t\t\t\t\t\t\t\tdata-type=\"shape\"\n\t\t\t\t\t\t\t\tdata-rsp_ch=\"on\"\n\t\t\t\t\t\t\t\tdata-text=\"w:normal;s:20,15,9,5;l:0,18,11,6;\"\n\t\t\t\t\t\t\t\tdata-dim=\"w:100%;h:100%;\"\n\t\t\t\t\t\t\t\tdata-basealign=\"slide\"\n\t\t\t\t\t\t\t\tdata-frame_999=\"o:0;st:w;sR:8700;\"\n\t\t\t\t\t\t\t\tstyle=\"z-index:6;background-color:rgba(0,0,0,0.5);\"\n\t\t\t\t\t\t\t> \n\t\t\t\t\t\t\t<\/rs-layer><!--\n-->\t\t\t\t\t<\/rs-slide>\n\t\t\t\t\t<\/rs-slides>\n\t\t\t\t<\/rs-module>\n\t\t\t\t<script>\n\t\t\t\t\tsetREVStartSize({c: 'rev_slider_113_1',rl:[1240,1024,778,480],el:[960,700,500,900],gw:[1550,1170,768,480],gh:[960,700,500,900],type:'standard',justify:'',layout:'fullwidth',mh:\"0\"});if (window.RS_MODULES!==undefined && window.RS_MODULES.modules!==undefined && window.RS_MODULES.modules[\"revslider1131\"]!==undefined) {window.RS_MODULES.modules[\"revslider1131\"].once = false;window.revapi113 = undefined;if (window.RS_MODULES.checkMinimal!==undefined) window.RS_MODULES.checkMinimal()}\n\t\t\t\t<\/script>\n\t\t\t<\/rs-module-wrap>\n\t\t\t<!-- END REVOLUTION SLIDER -->\n        <\/div>\r\n        \t\t\t\t<\/div>\n\t\t\t\t<\/div>\n\t\t\t\t\t<\/div>\n\t\t<\/div>\n\t\t\t\t\t<\/div>\n\t\t<\/section>\n\t\t\t\t<section class=\"elementor-section elementor-top-section elementor-element elementor-element-4ff0d8c elementor-section-stretched elementor-section-boxed elementor-section-height-default elementor-section-height-default\" data-id=\"4ff0d8c\" data-element_type=\"section\" data-settings=\"{&quot;stretch_section&quot;:&quot;section-stretched&quot;,&quot;background_background&quot;:&quot;classic&quot;}\">\n\t\t\t\t\t\t<div class=\"elementor-container elementor-column-gap-extended\">\n\t\t\t\t\t<div class=\"elementor-column elementor-col-100 elementor-top-column elementor-element elementor-element-13f95a9 elementor-invisible\" data-id=\"13f95a9\" data-element_type=\"column\" data-settings=\"{&quot;animation&quot;:&quot;slide-up&quot;}\">\n\t\t\t<div class=\"elementor-widget-wrap elementor-element-populated\">\n\t\t\t\t\t\t<div class=\"elementor-element elementor-element-37fdaea elementor-invisible elementor-widget elementor-widget-heading\" data-id=\"37fdaea\" data-element_type=\"widget\" data-settings=\"{&quot;_animation&quot;:&quot;slide-up&quot;}\" data-widget_type=\"heading.default\">\n\t\t\t\t<div class=\"elementor-widget-container\">\n\t\t\t\t\t<h2 class=\"elementor-heading-title elementor-size-default\">ONDE A HOSPITALIDADE FAZ VOC\u00ca SE SENTIR EM CASA<\/h2>\t\t\t\t<\/div>\n\t\t\t\t<\/div>\n\t\t\t\t<div class=\"elementor-element elementor-element-6406056 elementor-invisible elementor-widget elementor-widget-text-editor\" data-id=\"6406056\" data-element_type=\"widget\" data-settings=\"{&quot;_animation&quot;:&quot;slide-up&quot;,&quot;_animation_delay&quot;:200}\" data-widget_type=\"text-editor.default\">\n\t\t\t\t<div class=\"elementor-widget-container\">\n\t\t\t\t\t\t\t\t\t<p>Desta terra rica em belezas naturais, S\u00e3o Francisco difundiu uma mensagem de paz, nova e compreens\u00edvel a todos, que ainda hoje atrai a Assis milh\u00f5es de pessoas.<br \/>H\u00e1 oitocentos anos, n\u00f3s, Frades Franciscanos, acolhemos e convidamos a Assis todos aqueles que procuram nestes lugares uma fonte de esperan\u00e7a e crescimento espiritual.<\/p>\n<p>Em sintonia com as ra\u00edzes franciscanas, a Domus Pacis Assis pretende ser o lugar ideal de encontro e partilha para fam\u00edlias, grupos, confer\u00eancias e reuni\u00f5es. Oferecemos quartos tranquilos e confort\u00e1veis, amplas e numerosas salas de confer\u00eancias, restaurantes, jardins e estacionamentos. O empenho profissional e o esp\u00edrito de acolhimento de todos os nossos colaboradores tornam a sua estadia uma experi\u00eancia \u00fanica.  <\/p>\n<p>A sua estadia contribuir\u00e1 para sustentar as atividades dos Frades Menores: obras de caridade na It\u00e1lia e no exterior, estudos e forma\u00e7\u00e3o dos jovens frades e as necessidades dos frades enfermos.<\/p>\n\t\t\t\t\t\t\t\t<\/div>\n\t\t\t\t<\/div>\n\t\t\t\t\t<\/div>\n\t\t<\/div>\n\t\t\t\t\t<\/div>\n\t\t<\/section>\n\t\t\t\t<section class=\"elementor-section elementor-top-section elementor-element elementor-element-ea4e626 elementor-section-stretched elementor-section-boxed elementor-section-height-default elementor-section-height-default\" data-id=\"ea4e626\" data-element_type=\"section\" data-settings=\"{&quot;stretch_section&quot;:&quot;section-stretched&quot;,&quot;background_background&quot;:&quot;classic&quot;}\">\n\t\t\t\t\t\t<div class=\"elementor-container elementor-column-gap-extended\">\n\t\t\t\t\t<div class=\"elementor-column elementor-col-33 elementor-top-column elementor-element elementor-element-5441551 elementor-invisible\" data-id=\"5441551\" data-element_type=\"column\" data-settings=\"{&quot;animation&quot;:&quot;slide-up&quot;,&quot;animation_delay&quot;:150}\">\n\t\t\t<div class=\"elementor-widget-wrap\">\n\t\t\t\t\t\t\t<\/div>\n\t\t<\/div>\n\t\t\t\t<div class=\"elementor-column elementor-col-33 elementor-top-column elementor-element elementor-element-d712406 elementor-invisible\" data-id=\"d712406\" data-element_type=\"column\" data-settings=\"{&quot;animation&quot;:&quot;slide-up&quot;}\">\n\t\t\t<div class=\"elementor-widget-wrap elementor-element-populated\">\n\t\t\t\t\t\t<div class=\"elementor-element elementor-element-877e23c elementor-align-center elementor-mobile-align-center elementor-invisible elementor-widget elementor-widget-button\" data-id=\"877e23c\" data-element_type=\"widget\" data-settings=\"{&quot;_animation&quot;:&quot;scale&quot;,&quot;_animation_delay&quot;:200}\" data-widget_type=\"button.default\">\n\t\t\t\t<div class=\"elementor-widget-container\">\n\t\t\t\t\t\t\t\t\t<div class=\"elementor-button-wrapper\">\n\t\t\t\t\t<a class=\"elementor-button elementor-button-link elementor-size-sm\" href=\"https:\/\/www.assisiofm.it\/home.html\" target=\"_blank\" rel=\"nofollow noopener\">\n\t\t\t\t\t\t<span class=\"elementor-button-content-wrapper\">\n\t\t\t\t\t\t\t\t\t<span class=\"elementor-button-text\">NOSSA MISS\u00c3O<\/span>\n\t\t\t\t\t<\/span>\n\t\t\t\t\t<\/a>\n\t\t\t\t<\/div>\n\t\t\t\t\t\t\t\t<\/div>\n\t\t\t\t<\/div>\n\t\t\t\t\t<\/div>\n\t\t<\/div>\n\t\t\t\t<div class=\"elementor-column elementor-col-33 elementor-top-column elementor-element elementor-element-8ba8d6e elementor-invisible\" data-id=\"8ba8d6e\" data-element_type=\"column\" data-settings=\"{&quot;animation&quot;:&quot;slide-up&quot;}\">\n\t\t\t<div class=\"elementor-widget-wrap\">\n\t\t\t\t\t\t\t<\/div>\n\t\t<\/div>\n\t\t\t\t\t<\/div>\n\t\t<\/section>\n\t\t\t\t<section class=\"elementor-section elementor-top-section elementor-element elementor-element-7398b82 elementor-section-stretched elementor-section-boxed elementor-section-height-default elementor-section-height-default\" data-id=\"7398b82\" data-element_type=\"section\" data-settings=\"{&quot;stretch_section&quot;:&quot;section-stretched&quot;,&quot;background_background&quot;:&quot;classic&quot;}\">\n\t\t\t\t\t\t<div class=\"elementor-container elementor-column-gap-extended\">\n\t\t\t\t\t<div class=\"elementor-column elementor-col-33 elementor-top-column elementor-element elementor-element-e1c9cb2 elementor-invisible\" data-id=\"e1c9cb2\" data-element_type=\"column\" data-settings=\"{&quot;animation&quot;:&quot;slide-up&quot;,&quot;animation_delay&quot;:150}\">\n\t\t\t<div class=\"elementor-widget-wrap elementor-element-populated\">\n\t\t\t\t\t\t<div class=\"elementor-element elementor-element-69a95bf elementor-align-center elementor-mobile-align-center elementor-invisible elementor-widget elementor-widget-button\" data-id=\"69a95bf\" data-element_type=\"widget\" data-settings=\"{&quot;_animation&quot;:&quot;scale&quot;,&quot;_animation_delay&quot;:200}\" data-widget_type=\"button.default\">\n\t\t\t\t<div class=\"elementor-widget-container\">\n\t\t\t\t\t\t\t\t\t<div class=\"elementor-button-wrapper\">\n\t\t\t\t\t<a class=\"elementor-button elementor-button-link elementor-size-sm\" href=\"https:\/\/fratisog.it\/\" rel=\"nofollow noopener\" target=\"_blank\">\n\t\t\t\t\t\t<span class=\"elementor-button-content-wrapper\">\n\t\t\t\t\t\t\t\t\t<span class=\"elementor-button-text\">SERVI\u00c7O DE ORIENTA\u00c7\u00c3O JUVENIL<\/span>\n\t\t\t\t\t<\/span>\n\t\t\t\t\t<\/a>\n\t\t\t\t<\/div>\n\t\t\t\t\t\t\t\t<\/div>\n\t\t\t\t<\/div>\n\t\t\t\t\t<\/div>\n\t\t<\/div>\n\t\t\t\t<div class=\"elementor-column elementor-col-33 elementor-top-column elementor-element elementor-element-76aa2ff elementor-invisible\" data-id=\"76aa2ff\" data-element_type=\"column\" data-settings=\"{&quot;animation&quot;:&quot;slide-up&quot;}\">\n\t\t\t<div class=\"elementor-widget-wrap elementor-element-populated\">\n\t\t\t\t\t\t<div class=\"elementor-element elementor-element-9361011 elementor-align-center elementor-mobile-align-center elementor-invisible elementor-widget elementor-widget-button\" data-id=\"9361011\" data-element_type=\"widget\" data-settings=\"{&quot;_animation&quot;:&quot;scale&quot;,&quot;_animation_delay&quot;:200}\" data-widget_type=\"button.default\">\n\t\t\t\t<div class=\"elementor-widget-container\">\n\t\t\t\t\t\t\t\t\t<div class=\"elementor-button-wrapper\">\n\t\t\t\t\t<a class=\"elementor-button elementor-button-link elementor-size-sm\" href=\"https:\/\/pastoraleconlefamiglie.org\/\" rel=\"nofollow noopener\" target=\"_blank\">\n\t\t\t\t\t\t<span class=\"elementor-button-content-wrapper\">\n\t\t\t\t\t\t\t\t\t<span class=\"elementor-button-text\">PASTORAL COM AS FAM\u00cdLIAS<\/span>\n\t\t\t\t\t<\/span>\n\t\t\t\t\t<\/a>\n\t\t\t\t<\/div>\n\t\t\t\t\t\t\t\t<\/div>\n\t\t\t\t<\/div>\n\t\t\t\t\t<\/div>\n\t\t<\/div>\n\t\t\t\t<div class=\"elementor-column elementor-col-33 elementor-top-column elementor-element elementor-element-a4cc748 elementor-invisible\" data-id=\"a4cc748\" data-element_type=\"column\" data-settings=\"{&quot;animation&quot;:&quot;slide-up&quot;}\">\n\t\t\t<div class=\"elementor-widget-wrap elementor-element-populated\">\n\t\t\t\t\t\t<div class=\"elementor-element elementor-element-f0b46b8 elementor-align-center elementor-mobile-align-center elementor-invisible elementor-widget elementor-widget-button\" data-id=\"f0b46b8\" data-element_type=\"widget\" data-settings=\"{&quot;_animation&quot;:&quot;scale&quot;,&quot;_animation_delay&quot;:200}\" data-widget_type=\"button.default\">\n\t\t\t\t<div class=\"elementor-widget-container\">\n\t\t\t\t\t\t\t\t\t<div class=\"elementor-button-wrapper\">\n\t\t\t\t\t<a class=\"elementor-button elementor-button-link elementor-size-sm\" href=\"https:\/\/domuspacis.it\/iniziative-e-corsi\/\">\n\t\t\t\t\t\t<span class=\"elementor-button-content-wrapper\">\n\t\t\t\t\t\t\t\t\t<span class=\"elementor-button-text\">OUTROS CURSOS<\/span>\n\t\t\t\t\t<\/span>\n\t\t\t\t\t<\/a>\n\t\t\t\t<\/div>\n\t\t\t\t\t\t\t\t<\/div>\n\t\t\t\t<\/div>\n\t\t\t\t\t<\/div>\n\t\t<\/div>\n\t\t\t\t\t<\/div>\n\t\t<\/section>\n\t\t\t\t<\/div>\n\t\t","protected":false},"excerpt":{"rendered":"<p>ONDE A HOSPITALIDADE FAZ VOC\u00ca SE SENTIR EM CASA Desta terra rica em belezas naturais, S\u00e3o Francisco difundiu uma mensagem de paz, nova e compreens\u00edvel a todos, que ainda hoje atrai a Assis milh\u00f5es de pessoas.H\u00e1 oitocentos anos, n\u00f3s, Frades Franciscanos, acolhemos e convidamos a Assis todos aqueles que procuram nestes lugares uma fonte de [&hellip;]<\/p>\n","protected":false},"author":1,"featured_media":0,"parent":0,"menu_order":0,"comment_status":"closed","ping_status":"closed","template":"","meta":{"footnotes":""},"class_list":["post-10450","page","type-page","status-publish","hentry"],"_links":{"self":[{"href":"https:\/\/domuspacis.it\/pt-pt\/wp-json\/wp\/v2\/pages\/10450","targetHints":{"allow":["GET"]}}],"collection":[{"href":"https:\/\/domuspacis.it\/pt-pt\/wp-json\/wp\/v2\/pages"}],"about":[{"href":"https:\/\/domuspacis.it\/pt-pt\/wp-json\/wp\/v2\/types\/page"}],"author":[{"embeddable":true,"href":"https:\/\/domuspacis.it\/pt-pt\/wp-json\/wp\/v2\/users\/1"}],"replies":[{"embeddable":true,"href":"https:\/\/domuspacis.it\/pt-pt\/wp-json\/wp\/v2\/comments?post=10450"}],"version-history":[{"count":0,"href":"https:\/\/domuspacis.it\/pt-pt\/wp-json\/wp\/v2\/pages\/10450\/revisions"}],"wp:attachment":[{"href":"https:\/\/domuspacis.it\/pt-pt\/wp-json\/wp\/v2\/media?parent=10450"}],"curies":[{"name":"wp","href":"https:\/\/api.w.org\/{rel}","templated":true}]}}