{"id":9733,"date":"2023-11-30T13:42:01","date_gmt":"2023-11-30T13:42:01","guid":{"rendered":"https:\/\/domuspacis.it\/certification-de-qualite\/"},"modified":"2024-10-28T12:27:14","modified_gmt":"2024-10-28T12:27:14","slug":"certification-de-qualite","status":"publish","type":"page","link":"https:\/\/domuspacis.it\/fr\/certification-de-qualite\/","title":{"rendered":"Certification de qualit\u00e9"},"content":{"rendered":"\t\t<div data-elementor-type=\"wp-page\" data-elementor-id=\"9733\" class=\"elementor elementor-9733 elementor-4424\" data-elementor-post-type=\"page\">\n\t\t\t\t\t\t<section class=\"elementor-section elementor-top-section elementor-element elementor-element-ddb3835 elementor-section-stretched elementor-section-boxed elementor-section-height-default elementor-section-height-default\" data-id=\"ddb3835\" data-element_type=\"section\" data-settings=\"{&quot;stretch_section&quot;:&quot;section-stretched&quot;,&quot;background_background&quot;:&quot;classic&quot;}\">\n\t\t\t\t\t\t<div class=\"elementor-container elementor-column-gap-wider\">\n\t\t\t\t\t<div class=\"elementor-column elementor-col-100 elementor-top-column elementor-element elementor-element-d538aff\" data-id=\"d538aff\" data-element_type=\"column\" data-settings=\"{&quot;background_background&quot;:&quot;classic&quot;}\">\n\t\t\t<div class=\"elementor-widget-wrap elementor-element-populated\">\n\t\t\t\t\t\t<section class=\"elementor-section elementor-inner-section elementor-element elementor-element-ab6df65 elementor-section-content-middle elementor-section-boxed elementor-section-height-default elementor-section-height-default\" data-id=\"ab6df65\" data-element_type=\"section\">\n\t\t\t\t\t\t<div class=\"elementor-container elementor-column-gap-extended\">\n\t\t\t\t\t<div class=\"elementor-column elementor-col-50 elementor-inner-column elementor-element elementor-element-cfbd793 elementor-invisible\" data-id=\"cfbd793\" data-element_type=\"column\" data-settings=\"{&quot;animation&quot;:&quot;slide-up&quot;}\">\n\t\t\t<div class=\"elementor-widget-wrap elementor-element-populated\">\n\t\t\t\t\t\t<div class=\"elementor-element elementor-element-fab701e elementor-invisible elementor-widget elementor-widget-heading\" data-id=\"fab701e\" data-element_type=\"widget\" data-settings=\"{&quot;_animation&quot;:&quot;slide-up&quot;}\" data-widget_type=\"heading.default\">\n\t\t\t\t<div class=\"elementor-widget-container\">\n\t\t\t\t\t<h2 class=\"elementor-heading-title elementor-size-default\">SYST\u00c8ME DE GESTION DE QUALIT\u00c9 CERTIFI\u00c9E<\/h2>\t\t\t\t<\/div>\n\t\t\t\t<\/div>\n\t\t\t\t\t<\/div>\n\t\t<\/div>\n\t\t\t\t<div class=\"elementor-column elementor-col-50 elementor-inner-column elementor-element elementor-element-c48e2b5\" data-id=\"c48e2b5\" data-element_type=\"column\">\n\t\t\t<div class=\"elementor-widget-wrap elementor-element-populated\">\n\t\t\t\t\t\t<div class=\"elementor-element elementor-element-bf7d7b7 elementor-invisible elementor-widget elementor-widget-text-editor\" data-id=\"bf7d7b7\" data-element_type=\"widget\" data-settings=\"{&quot;_animation&quot;:&quot;slide-up&quot;,&quot;_animation_delay&quot;:200}\" data-widget_type=\"text-editor.default\">\n\t\t\t\t<div class=\"elementor-widget-container\">\n\t\t\t\t\t\t\t\t\t<p>Le Domus Pacis Hotel, avec son Centre de Congr\u00e8s, technologiquement \u00e0 l&rsquo;avant-garde, organis\u00e9 et fonctionnel, constitue un si\u00e8ge de prestige pour les Conventions, Congr\u00e8s, r\u00e9unions de travail, cours de formation, s\u00e9minaires de haut niveau et pour cette raison la structure veut continuer vers un niveau de service sup\u00e9rieur \u00e0 celui attendu par la client\u00e8le, dans un cadre discret et accueillant, offrant un grand choix de services, dans le respect totale de la l\u00e9gislation en vigueur.<\/p>\n\t\t\t\t\t\t\t\t<\/div>\n\t\t\t\t<\/div>\n\t\t\t\t\t<\/div>\n\t\t<\/div>\n\t\t\t\t\t<\/div>\n\t\t<\/section>\n\t\t\t\t\t<\/div>\n\t\t<\/div>\n\t\t\t\t\t<\/div>\n\t\t<\/section>\n\t\t\t\t<section class=\"elementor-section elementor-top-section elementor-element elementor-element-8075e7c elementor-section-stretched elementor-section-boxed elementor-section-height-default elementor-section-height-default\" data-id=\"8075e7c\" data-element_type=\"section\" data-settings=\"{&quot;stretch_section&quot;:&quot;section-stretched&quot;,&quot;background_background&quot;:&quot;classic&quot;}\">\n\t\t\t\t\t\t<div class=\"elementor-container elementor-column-gap-no\">\n\t\t\t\t\t<div class=\"elementor-column elementor-col-100 elementor-top-column elementor-element elementor-element-477b7d0\" data-id=\"477b7d0\" data-element_type=\"column\" data-settings=\"{&quot;background_background&quot;:&quot;classic&quot;}\">\n\t\t\t<div class=\"elementor-widget-wrap elementor-element-populated\">\n\t\t\t\t\t\t<section class=\"elementor-section elementor-inner-section elementor-element elementor-element-241a27c elementor-section-content-top elementor-section-boxed elementor-section-height-default elementor-section-height-default\" data-id=\"241a27c\" data-element_type=\"section\">\n\t\t\t\t\t\t<div class=\"elementor-container elementor-column-gap-wider\">\n\t\t\t\t\t<div class=\"elementor-column elementor-col-50 elementor-inner-column elementor-element elementor-element-08c74ed elementor-invisible\" data-id=\"08c74ed\" data-element_type=\"column\" data-settings=\"{&quot;animation&quot;:&quot;slide-up&quot;}\">\n\t\t\t<div class=\"elementor-widget-wrap elementor-element-populated\">\n\t\t\t\t\t\t<div class=\"elementor-element elementor-element-4e9eefe elementor-invisible elementor-widget elementor-widget-text-editor\" data-id=\"4e9eefe\" data-element_type=\"widget\" data-settings=\"{&quot;_animation&quot;:&quot;slide-up&quot;,&quot;_animation_delay&quot;:200}\" data-widget_type=\"text-editor.default\">\n\t\t\t\t<div class=\"elementor-widget-container\">\n\t\t\t\t\t\t\t\t\t<p>Dans ce but, notre Structure a d\u00e9cid\u00e9 de d\u00e9velopper un Syst\u00e8me de Gestion pour la qualit\u00e9 conforme \u00e0 la norme UNI EN ISO 9001 \u00ab\u00a0Syst\u00e8me de Gestion pour la Qualit\u00e9\u00a0\u00bb, qui est d\u00e9crit dans le Manuel de la Qualit\u00e9 et d\u00e9fini dans les moindres d\u00e9tails dans les Proc\u00e9dures d&rsquo;entreprise.<\/p>\n<p>Nous sommes convaincus que la qualit\u00e9 des services d&rsquo;hospitalit\u00e9 d\u00e9pende fortement des ressources \u00e0 disposition. Le professionnalisme, la courtoisie, la disponibilit\u00e9 \u00e0 l&rsquo;\u00e9coute et la satisfaction de l\u2019h\u00f4te comme objectif premier sont les \u00e9l\u00e9ments qui soulignent un services de qualit\u00e9. ous basons l&rsquo;accueil de nos h\u00f4tes sur ces facteurs: ils sont unis \u00e0 des investissements continus en structures et innovation et ont men\u00e9 vers une augmentation progressive de la qualit\u00e9 des services propos\u00e9s. Pour garantir ces caract\u00e9ristiques, notre h\u00f4tel consid\u00e8re suivre les strat\u00e9gies suivantes est prioritaire:<\/p>\n<ol>\n<li>Recherche de la satisfaction des h\u00f4tes;<\/li>\n<li>Recherche de la satisfaction des ressources \u00e0 disposition;<\/li>\n<li>Recherche de l&rsquo;am\u00e9lioration continue des services propos\u00e9es et de l&rsquo;efficacit\u00e9 des progr\u00e8s obtenus;<\/li>\n<li>R\u00e9duction des co\u00fbts superficiels;<\/li>\n<li>Formation continue du personnel;<\/li>\n<li>Am\u00e9lioration de l&rsquo;acc\u00e8s aux services et de l&rsquo;information pour le client.<\/li>\n<\/ol>\n<p>l&rsquo;Institut de Certification de la Qualit\u00e9 \u00ab\u00a0Certiquality\u00a0\u00bb est un organisme tiers. impartial et faisant autorit\u00e9, a \u00e9t\u00e9 charg\u00e9 Pour offrir une garantie ult\u00e9rieure de ces principales et pour certifier la qualit\u00e9 de nos services. Il adh\u00e8re au circuit IQNet (International Certification Network) qui r\u00e9unit les plus prestigieux organismes de certification de 35 pays du monde.<\/p>\n<p>Certiquality est un Organisme au service des entreprises accr\u00e9dit\u00e9 pour la certification des syst\u00e8mes de gestion d&rsquo;entreprise pour la qualit\u00e9, l&rsquo;environnement, la s\u00e9curit\u00e9 et pour la certification du produit, Certiquality op\u00e8re aussi dans la v\u00e9rification de la qualit\u00e9 alimentaire, des syst\u00e8mes d&rsquo;information et de la formation.<\/p>\n<p><span style=\"color: var(--nerf-text-color); font-family: var(--bs-font-sans-serif);\">Nous avons donc obtenu la certification de notre syst\u00e8me de qualit\u00e9 selon les normes UNI EN ISO 90001:2008, pour les services d\u2019h\u00f4tel, de restauration et de congr\u00e8s.&nbsp;<\/span><\/p>\t\t\t\t\t\t\t\t<\/div>\n\t\t\t\t<\/div>\n\t\t\t\t\t<\/div>\n\t\t<\/div>\n\t\t\t\t<div class=\"elementor-column elementor-col-50 elementor-inner-column elementor-element elementor-element-7b95145\" data-id=\"7b95145\" data-element_type=\"column\">\n\t\t\t<div class=\"elementor-widget-wrap elementor-element-populated\">\n\t\t\t\t\t\t<div class=\"elementor-element elementor-element-379fa62 elementor-invisible elementor-widget elementor-widget-text-editor\" data-id=\"379fa62\" data-element_type=\"widget\" data-settings=\"{&quot;_animation&quot;:&quot;slide-up&quot;,&quot;_animation_delay&quot;:200}\" data-widget_type=\"text-editor.default\">\n\t\t\t\t<div class=\"elementor-widget-container\">\n\t\t\t\t\t\t\t\t\t<p>La Certification a \u00e9t\u00e9 rendue publique sur notre site web officiel d&rsquo;Accredia, Organisme Italien d&rsquo;Accr\u00e9ditation, l&rsquo;unique organisme autoris\u00e9 par l\u2019\u00c9tat pour l&rsquo;accr\u00e9ditation.<\/p>\n<p><i>N.cert.: 9276\/2<br \/>Province S\u00e9raphique de St. Fran\u00e7ois O.F.M. Domus Pacis<br \/>ISO 9001:2008 \u2013 Syst\u00e8mes de gestion pour la qualit\u00e9<br \/>\u00c9mis le: 18-05-2005<br \/>en cours de validit\u00e9<\/i><\/p>\n<p>Tous les Responsables de l\u2019entreprise doivent respecter le Syst\u00e8me de Qualit\u00e9, \u00e0 le faire conna\u00eetre et \u00e0 surveiller syst\u00e9matiquement les activit\u00e9s op\u00e9ratives, de mani\u00e8re \u00e0 assurer que tout le Personnel travaille avec la comp\u00e9tence suivant les prescriptions de qualit\u00e9 du service et des modalit\u00e9s op\u00e9ratives d\u00e9finis dans les proc\u00e9dures \u00e9tablies.<\/p>\n<p>Tous les Collaborateurs sont engag\u00e9s \u00e0 pers\u00e9v\u00e9rer dans l&rsquo;am\u00e9lioration continue de la qualit\u00e9 dans le d\u00e9veloppement de leurs activit\u00e9s, dans le cadre de la politique et des directives de l&rsquo;entreprise.<\/p>\n<p>Le Responsable du Syst\u00e8me de Qualit\u00e9, r\u00e9f\u00e9rant directement \u00e0 la direction, a l&rsquo;autorit\u00e9 pour assurer que le Syst\u00e8me de Gestion de la Qualit\u00e9 soit appliqu\u00e9e et maintenue active selon la Norme de r\u00e9f\u00e9rence, et doit r\u00e9f\u00e9rer tout ce qui concerne le Syst\u00e8me de Qualit\u00e9 \u00e0 la Direction, pour un r\u00e9examen efficace et en consentir l&rsquo;am\u00e9lioration.<\/p>\n\t\t\t\t\t\t\t\t<\/div>\n\t\t\t\t<\/div>\n\t\t\t\t<div class=\"elementor-element elementor-element-9e7dfea elementor-widget elementor-widget-image\" data-id=\"9e7dfea\" data-element_type=\"widget\" data-widget_type=\"image.default\">\n\t\t\t\t<div class=\"elementor-widget-container\">\n\t\t\t\t\t\t\t\t\t\t\t\t\t\t\t<img fetchpriority=\"high\" decoding=\"async\" width=\"300\" height=\"300\" src=\"https:\/\/domuspacis.it\/wp-content\/uploads\/2023\/11\/domus-pacis-park-hotel-umbria-assisi-sistema-gestione-certificato-qualita.png\" class=\"attachment-large size-large wp-image-9735\" alt=\"\" title=\"\">\t\t\t\t\t\t\t\t\t\t\t\t\t\t\t<\/div>\n\t\t\t\t<\/div>\n\t\t\t\t\t<\/div>\n\t\t<\/div>\n\t\t\t\t\t<\/div>\n\t\t<\/section>\n\t\t\t\t<section class=\"elementor-section elementor-inner-section elementor-element elementor-element-b9a2943 elementor-section-boxed elementor-section-height-default elementor-section-height-default\" data-id=\"b9a2943\" data-element_type=\"section\">\n\t\t\t\t\t\t<div class=\"elementor-container elementor-column-gap-extended\">\n\t\t\t\t\t<div class=\"elementor-column elementor-col-100 elementor-inner-column elementor-element elementor-element-7d84b11\" data-id=\"7d84b11\" data-element_type=\"column\">\n\t\t\t<div class=\"elementor-widget-wrap elementor-element-populated\">\n\t\t\t\t\t\t<div class=\"elementor-element elementor-element-d8ad385 elementor-align-center elementor-mobile-align-left elementor-invisible elementor-widget elementor-widget-button\" data-id=\"d8ad385\" data-element_type=\"widget\" data-settings=\"{&quot;_animation&quot;:&quot;scale&quot;,&quot;_animation_delay&quot;:200}\" data-widget_type=\"button.default\">\n\t\t\t\t<div class=\"elementor-widget-container\">\n\t\t\t\t\t\t\t\t\t<div class=\"elementor-button-wrapper\">\n\t\t\t\t\t<a class=\"elementor-button elementor-button-link elementor-size-sm\" href=\"https:\/\/domuspacis.it\/wp-content\/uploads\/2024\/01\/20240112091211948.pdf\">\n\t\t\t\t\t\t<span class=\"elementor-button-content-wrapper\">\n\t\t\t\t\t\t\t\t\t<span class=\"elementor-button-text\">T\u00c9L\u00c9CHARGEZ LA CERTIFICATION ISO 9001<\/span>\n\t\t\t\t\t<\/span>\n\t\t\t\t\t<\/a>\n\t\t\t\t<\/div>\n\t\t\t\t\t\t\t\t<\/div>\n\t\t\t\t<\/div>\n\t\t\t\t\t<\/div>\n\t\t<\/div>\n\t\t\t\t\t<\/div>\n\t\t<\/section>\n\t\t\t\t\t<\/div>\n\t\t<\/div>\n\t\t\t\t\t<\/div>\n\t\t<\/section>\n\t\t\t\t<\/div>\n\t\t","protected":false},"excerpt":{"rendered":"<p>SYST\u00c8ME DE GESTION DE QUALIT\u00c9 CERTIFI\u00c9E Le Domus Pacis Hotel, avec son Centre de Congr\u00e8s, technologiquement \u00e0 l&rsquo;avant-garde, organis\u00e9 et fonctionnel, constitue un si\u00e8ge de prestige pour les Conventions, Congr\u00e8s, r\u00e9unions de travail, cours de formation, s\u00e9minaires de haut niveau et pour cette raison la structure veut continuer vers un niveau de service sup\u00e9rieur \u00e0 [&hellip;]<\/p>\n","protected":false},"author":1,"featured_media":0,"parent":0,"menu_order":0,"comment_status":"closed","ping_status":"closed","template":"","meta":{"footnotes":""},"class_list":["post-9733","page","type-page","status-publish","hentry"],"_links":{"self":[{"href":"https:\/\/domuspacis.it\/fr\/wp-json\/wp\/v2\/pages\/9733","targetHints":{"allow":["GET"]}}],"collection":[{"href":"https:\/\/domuspacis.it\/fr\/wp-json\/wp\/v2\/pages"}],"about":[{"href":"https:\/\/domuspacis.it\/fr\/wp-json\/wp\/v2\/types\/page"}],"author":[{"embeddable":true,"href":"https:\/\/domuspacis.it\/fr\/wp-json\/wp\/v2\/users\/1"}],"replies":[{"embeddable":true,"href":"https:\/\/domuspacis.it\/fr\/wp-json\/wp\/v2\/comments?post=9733"}],"version-history":[{"count":1,"href":"https:\/\/domuspacis.it\/fr\/wp-json\/wp\/v2\/pages\/9733\/revisions"}],"predecessor-version":[{"id":20124,"href":"https:\/\/domuspacis.it\/fr\/wp-json\/wp\/v2\/pages\/9733\/revisions\/20124"}],"wp:attachment":[{"href":"https:\/\/domuspacis.it\/fr\/wp-json\/wp\/v2\/media?parent=9733"}],"curies":[{"name":"wp","href":"https:\/\/api.w.org\/{rel}","templated":true}]}}