{"id":9723,"date":"2024-01-17T16:41:47","date_gmt":"2024-01-17T16:41:47","guid":{"rendered":"https:\/\/domuspacis.it\/projets-de-developpement-durable\/"},"modified":"2024-05-27T14:08:39","modified_gmt":"2024-05-27T14:08:39","slug":"projets-de-developpement-durable","status":"publish","type":"page","link":"https:\/\/domuspacis.it\/fr\/projets-de-developpement-durable\/","title":{"rendered":"Projets de d\u00e9veloppement durable"},"content":{"rendered":"\t\t<div data-elementor-type=\"wp-page\" data-elementor-id=\"9723\" class=\"elementor elementor-9723 elementor-5936\" data-elementor-post-type=\"page\">\n\t\t\t\t\t\t<section class=\"elementor-section elementor-top-section elementor-element elementor-element-b1daaa3 elementor-section-full_width elementor-section-stretched elementor-section-height-default elementor-section-height-default\" data-id=\"b1daaa3\" data-element_type=\"section\" data-settings=\"{&quot;stretch_section&quot;:&quot;section-stretched&quot;,&quot;background_background&quot;:&quot;classic&quot;}\">\n\t\t\t\t\t\t<div class=\"elementor-container elementor-column-gap-no\">\n\t\t\t\t\t<div class=\"elementor-column elementor-col-100 elementor-top-column elementor-element elementor-element-94dfbfa\" data-id=\"94dfbfa\" data-element_type=\"column\">\n\t\t\t<div class=\"elementor-widget-wrap elementor-element-populated\">\n\t\t\t\t\t\t<div class=\"elementor-element elementor-element-2bdb7e1 elementor-widget elementor-widget-apus_element_revslider\" data-id=\"2bdb7e1\" data-element_type=\"widget\" data-widget_type=\"apus_element_revslider.default\">\n\t\t\t\t<div class=\"elementor-widget-container\">\n\t\t\t\t\t        <div class=\"widget-revslider \">\r\n            \n\t\t\t<!-- START FRprogettisostenibilit\u00e0 REVOLUTION SLIDER 6.7.39 --><p class=\"rs-p-wp-fix\"><\/p>\n\t\t\t<rs-module-wrap id=\"rev_slider_99_1_wrapper\" data-source=\"gallery\" style=\"visibility:hidden;background:linear-gradient(rgba(79,128,175,1) 0%, rgba(227,225,222,1) 100%);padding:0;margin:0px auto;margin-top:0;margin-bottom:0;\">\n\t\t\t\t<rs-module id=\"rev_slider_99_1\" style=\"\" data-version=\"6.7.39\">\n\t\t\t\t\t<rs-slides style=\"overflow: hidden; position: absolute;\">\n\t\t\t\t\t\t<rs-slide style=\"position: absolute;\" data-key=\"rs-102\" data-title=\"Slide\" data-anim=\"ms:3000ms;\" data-in=\"o:0;\" data-out=\"a:false;\">\n\t\t\t\t\t\t\t<img fetchpriority=\"high\" decoding=\"async\" src=\"\/\/domuspacis.it\/wp-content\/plugins\/revslider\/sr6\/assets\/assets\/dummy.png\" alt=\"\" title=\"Progetti di Sostenibilit\u00e0\" width=\"1920\" height=\"1281\" class=\"rev-slidebg tp-rs-img rs-lazyload\" data-lazyload=\"\/\/domuspacis.it\/wp-content\/uploads\/2024\/01\/progetti-sostenibilita-domus-pacis-hotel.jpg\" data-no-retina>\n<!--\n\t\t\t\t\t\t\t--><rs-layer\n\t\t\t\t\t\t\t\tid=\"slider-99-slide-102-layer-0\" \n\t\t\t\t\t\t\t\tdata-type=\"text\"\n\t\t\t\t\t\t\t\tdata-color=\"#f9ebc7\"\n\t\t\t\t\t\t\t\tdata-rsp_ch=\"on\"\n\t\t\t\t\t\t\t\tdata-xy=\"x:c;y:m;yo:0,0,0,-50px;\"\n\t\t\t\t\t\t\t\tdata-text=\"w:normal;s:60,60,42,35;l:70,100,65,69;a:center;\"\n\t\t\t\t\t\t\t\tdata-dim=\"w:1293px,873px,207px,174px;h:88px,auto,300px,auto;\"\n\t\t\t\t\t\t\t\tdata-vbility=\"f,f,f,t\"\n\t\t\t\t\t\t\t\tdata-frame_0=\"o:1;\"\n\t\t\t\t\t\t\t\tdata-frame_0_chars=\"d:5;y:-100%;o:0;rZ:35deg;\"\n\t\t\t\t\t\t\t\tdata-frame_0_mask=\"u:t;\"\n\t\t\t\t\t\t\t\tdata-frame_1=\"st:610;sp:500;sR:610;\"\n\t\t\t\t\t\t\t\tdata-frame_1_chars=\"e:power4.inOut;d:10;rZ:0deg;\"\n\t\t\t\t\t\t\t\tdata-frame_1_mask=\"u:t;\"\n\t\t\t\t\t\t\t\tdata-frame_999=\"o:0;st:w;sR:5690;\"\n\t\t\t\t\t\t\t\tstyle=\"z-index:7;font-family:'Ephesis';\"\n\t\t\t\t\t\t\t>Responsabilit\u00e9<br \/>\n\u00c9thique <br \/>\nTutelle \n\t\t\t\t\t\t\t<\/rs-layer><!--\n\n\t\t\t\t\t\t\t--><h1\n\t\t\t\t\t\t\t\tid=\"slider-99-slide-102-layer-1\" \n\t\t\t\t\t\t\t\tclass=\"rs-layer\"\n\t\t\t\t\t\t\t\tdata-type=\"text\"\n\t\t\t\t\t\t\t\tdata-color=\"#f9ebc7\"\n\t\t\t\t\t\t\t\tdata-rsp_ch=\"on\"\n\t\t\t\t\t\t\t\tdata-xy=\"x:c;y:m;yo:0,0,0,-50px;\"\n\t\t\t\t\t\t\t\tdata-text=\"w:normal;s:60,60,42,35;l:70,100,65,69;a:center;\"\n\t\t\t\t\t\t\t\tdata-dim=\"w:1293px,873px,207px,174px;h:88px,auto,300px,auto;\"\n\t\t\t\t\t\t\t\tdata-vbility=\"t,t,t,f\"\n\t\t\t\t\t\t\t\tdata-frame_0=\"o:1;\"\n\t\t\t\t\t\t\t\tdata-frame_0_chars=\"d:5;y:-100%;o:0;rZ:35deg;\"\n\t\t\t\t\t\t\t\tdata-frame_0_mask=\"u:t;\"\n\t\t\t\t\t\t\t\tdata-frame_1=\"st:610;sp:500;sR:610;\"\n\t\t\t\t\t\t\t\tdata-frame_1_chars=\"e:power4.inOut;d:10;rZ:0deg;\"\n\t\t\t\t\t\t\t\tdata-frame_1_mask=\"u:t;\"\n\t\t\t\t\t\t\t\tdata-frame_999=\"o:0;st:w;sR:5690;\"\n\t\t\t\t\t\t\t\tstyle=\"z-index:7;font-family:'Ephesis';word-spacing:2rem;\"\n\t\t\t\t\t\t\t>Responsabilit\u00e9 \u00c9thique Tutelle \n\t\t\t\t\t\t\t<\/h1><!--\n\n\t\t\t\t\t\t\t--><rs-layer\n\t\t\t\t\t\t\t\tid=\"slider-99-slide-102-layer-2\" \n\t\t\t\t\t\t\t\tdata-type=\"shape\"\n\t\t\t\t\t\t\t\tdata-rsp_ch=\"on\"\n\t\t\t\t\t\t\t\tdata-text=\"w:normal;s:20,15,9,5;l:0,18,11,6;\"\n\t\t\t\t\t\t\t\tdata-dim=\"w:100%;h:100%;\"\n\t\t\t\t\t\t\t\tdata-basealign=\"slide\"\n\t\t\t\t\t\t\t\tdata-frame_999=\"o:0;st:w;sR:8700;\"\n\t\t\t\t\t\t\t\tstyle=\"z-index:6;background-color:rgba(0,0,0,0.5);\"\n\t\t\t\t\t\t\t> \n\t\t\t\t\t\t\t<\/rs-layer><!--\n-->\t\t\t\t\t<\/rs-slide>\n\t\t\t\t\t<\/rs-slides>\n\t\t\t\t<\/rs-module>\n\t\t\t\t<script>\n\t\t\t\t\tsetREVStartSize({c: 'rev_slider_99_1',rl:[1240,1024,778,480],el:[960,700,500,900],gw:[1550,1170,768,480],gh:[960,700,500,900],type:'standard',justify:'',layout:'fullwidth',mh:\"0\"});if (window.RS_MODULES!==undefined && window.RS_MODULES.modules!==undefined && window.RS_MODULES.modules[\"revslider991\"]!==undefined) {window.RS_MODULES.modules[\"revslider991\"].once = false;window.revapi99 = undefined;if (window.RS_MODULES.checkMinimal!==undefined) window.RS_MODULES.checkMinimal()}\n\t\t\t\t<\/script>\n\t\t\t<\/rs-module-wrap>\n\t\t\t<!-- END REVOLUTION SLIDER -->\n        <\/div>\r\n        \t\t\t\t<\/div>\n\t\t\t\t<\/div>\n\t\t\t\t\t<\/div>\n\t\t<\/div>\n\t\t\t\t\t<\/div>\n\t\t<\/section>\n\t\t\t\t<section class=\"elementor-section elementor-top-section elementor-element elementor-element-b22934b elementor-section-stretched elementor-section-full_width elementor-section-content-middle elementor-section-height-default elementor-section-height-default\" data-id=\"b22934b\" data-element_type=\"section\" data-settings=\"{&quot;stretch_section&quot;:&quot;section-stretched&quot;}\">\n\t\t\t\t\t\t<div class=\"elementor-container elementor-column-gap-no\">\n\t\t\t\t\t<div class=\"elementor-column elementor-col-50 elementor-top-column elementor-element elementor-element-202eaec\" data-id=\"202eaec\" data-element_type=\"column\">\n\t\t\t<div class=\"elementor-widget-wrap elementor-element-populated\">\n\t\t\t\t\t\t<div class=\"elementor-element elementor-element-ee282f9 elementor-invisible elementor-widget elementor-widget-heading\" data-id=\"ee282f9\" data-element_type=\"widget\" data-settings=\"{&quot;_animation&quot;:&quot;slide-up&quot;}\" data-widget_type=\"heading.default\">\n\t\t\t\t<div class=\"elementor-widget-container\">\n\t\t\t\t\t<h3 class=\"elementor-heading-title elementor-size-small\">IRRIGATION DU PARC AVEC L'EAU DU PUITS<\/h3>\t\t\t\t<\/div>\n\t\t\t\t<\/div>\n\t\t\t\t<div class=\"elementor-element elementor-element-38dec40 elementor-invisible elementor-widget elementor-widget-text-editor\" data-id=\"38dec40\" data-element_type=\"widget\" data-settings=\"{&quot;_animation&quot;:&quot;slide-up&quot;,&quot;_animation_delay&quot;:200}\" data-widget_type=\"text-editor.default\">\n\t\t\t\t<div class=\"elementor-widget-container\">\n\t\t\t\t\t\t\t\t\t<p>Nous croyons en la gestion des ressources plus responsables et \u00e0 un impact environnemental soutenu. Pour cela, le syst\u00e8me d&rsquo;irrigation du parc du Domus Pacis H\u00f4tel est aliment\u00e9 exclusivement par de l&rsquo;eau de puits, pour r\u00e9duire notre impact sur les ressources hydriques locales.<\/p>\n\t\t\t\t\t\t\t\t<\/div>\n\t\t\t\t<\/div>\n\t\t\t\t\t<\/div>\n\t\t<\/div>\n\t\t\t\t<div class=\"elementor-column elementor-col-50 elementor-top-column elementor-element elementor-element-cb57ded\" data-id=\"cb57ded\" data-element_type=\"column\" data-settings=\"{&quot;background_background&quot;:&quot;classic&quot;}\">\n\t\t\t<div class=\"elementor-widget-wrap elementor-element-populated\">\n\t\t\t\t\t\t<div class=\"elementor-element elementor-element-42beea7 elementor-invisible elementor-widget elementor-widget-image\" data-id=\"42beea7\" data-element_type=\"widget\" data-settings=\"{&quot;_animation&quot;:&quot;slide-right&quot;}\" data-widget_type=\"image.default\">\n\t\t\t\t<div class=\"elementor-widget-container\">\n\t\t\t\t\t\t\t\t\t\t\t\t\t\t\t<img decoding=\"async\" width=\"1571\" height=\"1047\" src=\"https:\/\/domuspacis.it\/wp-content\/uploads\/2024\/01\/domus-pacis-sostenibilita-acqua-pozzo-1.jpg\" class=\"attachment-full size-full wp-image-9725\" alt=\"\" srcset=\"https:\/\/domuspacis.it\/wp-content\/uploads\/2024\/01\/domus-pacis-sostenibilita-acqua-pozzo-1.jpg 1571w, https:\/\/domuspacis.it\/wp-content\/uploads\/2024\/01\/domus-pacis-sostenibilita-acqua-pozzo-1-768x512.jpg 768w, https:\/\/domuspacis.it\/wp-content\/uploads\/2024\/01\/domus-pacis-sostenibilita-acqua-pozzo-1-1536x1024.jpg 1536w\" sizes=\"(max-width: 1571px) 100vw, 1571px\" title=\"\">\t\t\t\t\t\t\t\t\t\t\t\t\t\t\t<\/div>\n\t\t\t\t<\/div>\n\t\t\t\t\t<\/div>\n\t\t<\/div>\n\t\t\t\t\t<\/div>\n\t\t<\/section>\n\t\t<div class=\"elementor-element elementor-element-75c6a8f e-flex e-con-boxed e-con e-parent\" data-id=\"75c6a8f\" data-element_type=\"container\">\n\t\t\t\t\t<div class=\"e-con-inner\">\n\t\t\t\t<div class=\"elementor-element elementor-element-67e857b elementor-widget-divider--view-line elementor-widget elementor-widget-divider\" data-id=\"67e857b\" data-element_type=\"widget\" data-widget_type=\"divider.default\">\n\t\t\t\t<div class=\"elementor-widget-container\">\n\t\t\t\t\t\t\t<div class=\"elementor-divider\">\n\t\t\t<span class=\"elementor-divider-separator\">\n\t\t\t\t\t\t<\/span>\n\t\t<\/div>\n\t\t\t\t\t\t<\/div>\n\t\t\t\t<\/div>\n\t\t\t\t\t<\/div>\n\t\t\t\t<\/div>\n\t\t\t\t<section class=\"elementor-section elementor-top-section elementor-element elementor-element-d055a42 elementor-section-stretched elementor-section-full_width elementor-section-content-middle elementor-reverse-tablet elementor-reverse-mobile elementor-section-height-default elementor-section-height-default\" data-id=\"d055a42\" data-element_type=\"section\" data-settings=\"{&quot;stretch_section&quot;:&quot;section-stretched&quot;}\">\n\t\t\t\t\t\t<div class=\"elementor-container elementor-column-gap-no\">\n\t\t\t\t\t<div class=\"elementor-column elementor-col-50 elementor-top-column elementor-element elementor-element-2bd6e64\" data-id=\"2bd6e64\" data-element_type=\"column\" data-settings=\"{&quot;background_background&quot;:&quot;classic&quot;}\">\n\t\t\t<div class=\"elementor-widget-wrap elementor-element-populated\">\n\t\t\t\t\t\t<div class=\"elementor-element elementor-element-e6eff07 elementor-invisible elementor-widget elementor-widget-image\" data-id=\"e6eff07\" data-element_type=\"widget\" data-settings=\"{&quot;_animation&quot;:&quot;slide-right&quot;}\" data-widget_type=\"image.default\">\n\t\t\t\t<div class=\"elementor-widget-container\">\n\t\t\t\t\t\t\t\t\t\t\t\t\t\t\t<img decoding=\"async\" width=\"1920\" height=\"1280\" src=\"https:\/\/domuspacis.it\/wp-content\/uploads\/2024\/01\/progetti-di-sostenibilita-welfare-domus-pacis-hotel-assisi.jpg\" class=\"attachment-full size-full wp-image-9727\" alt=\"\" srcset=\"https:\/\/domuspacis.it\/wp-content\/uploads\/2024\/01\/progetti-di-sostenibilita-welfare-domus-pacis-hotel-assisi.jpg 1920w, https:\/\/domuspacis.it\/wp-content\/uploads\/2024\/01\/progetti-di-sostenibilita-welfare-domus-pacis-hotel-assisi-768x512.jpg 768w, https:\/\/domuspacis.it\/wp-content\/uploads\/2024\/01\/progetti-di-sostenibilita-welfare-domus-pacis-hotel-assisi-1536x1024.jpg 1536w\" sizes=\"(max-width: 1920px) 100vw, 1920px\" title=\"\">\t\t\t\t\t\t\t\t\t\t\t\t\t\t\t<\/div>\n\t\t\t\t<\/div>\n\t\t\t\t\t<\/div>\n\t\t<\/div>\n\t\t\t\t<div class=\"elementor-column elementor-col-50 elementor-top-column elementor-element elementor-element-6b01095\" data-id=\"6b01095\" data-element_type=\"column\">\n\t\t\t<div class=\"elementor-widget-wrap elementor-element-populated\">\n\t\t\t\t\t\t<div class=\"elementor-element elementor-element-f996728 elementor-invisible elementor-widget elementor-widget-heading\" data-id=\"f996728\" data-element_type=\"widget\" data-settings=\"{&quot;_animation&quot;:&quot;slide-up&quot;}\" data-widget_type=\"heading.default\">\n\t\t\t\t<div class=\"elementor-widget-container\">\n\t\t\t\t\t<h3 class=\"elementor-heading-title elementor-size-small\">UTILISATION DE MAT\u00c9RIAUX BIO-COMPOSTABLES<\/h3>\t\t\t\t<\/div>\n\t\t\t\t<\/div>\n\t\t\t\t<div class=\"elementor-element elementor-element-f27a12c elementor-invisible elementor-widget elementor-widget-text-editor\" data-id=\"f27a12c\" data-element_type=\"widget\" data-settings=\"{&quot;_animation&quot;:&quot;slide-up&quot;,&quot;_animation_delay&quot;:200}\" data-widget_type=\"text-editor.default\">\n\t\t\t\t<div class=\"elementor-widget-container\">\n\t\t\t\t\t\t\t\t\t<p>Dans le cadre de notre engagement constant pour un futur plus \u00e9cologique, nous sommes fiers d&rsquo;annoncer l&rsquo;introduction de mat\u00e9riaux bio-compostables dans les activit\u00e9s quotidiennes de notre h\u00f4tel.<\/p>\n\t\t\t\t\t\t\t\t<\/div>\n\t\t\t\t<\/div>\n\t\t\t\t\t<\/div>\n\t\t<\/div>\n\t\t\t\t\t<\/div>\n\t\t<\/section>\n\t\t<div class=\"elementor-element elementor-element-9fb59cd e-flex e-con-boxed e-con e-parent\" data-id=\"9fb59cd\" data-element_type=\"container\">\n\t\t\t\t\t<div class=\"e-con-inner\">\n\t\t\t\t<div class=\"elementor-element elementor-element-cecf797 elementor-widget-divider--view-line elementor-widget elementor-widget-divider\" data-id=\"cecf797\" data-element_type=\"widget\" data-widget_type=\"divider.default\">\n\t\t\t\t<div class=\"elementor-widget-container\">\n\t\t\t\t\t\t\t<div class=\"elementor-divider\">\n\t\t\t<span class=\"elementor-divider-separator\">\n\t\t\t\t\t\t<\/span>\n\t\t<\/div>\n\t\t\t\t\t\t<\/div>\n\t\t\t\t<\/div>\n\t\t\t\t\t<\/div>\n\t\t\t\t<\/div>\n\t\t\t\t<section class=\"elementor-section elementor-top-section elementor-element elementor-element-9ff6338 elementor-section-stretched elementor-section-full_width elementor-section-content-middle elementor-section-height-default elementor-section-height-default\" data-id=\"9ff6338\" data-element_type=\"section\" data-settings=\"{&quot;stretch_section&quot;:&quot;section-stretched&quot;}\">\n\t\t\t\t\t\t<div class=\"elementor-container elementor-column-gap-no\">\n\t\t\t\t\t<div class=\"elementor-column elementor-col-50 elementor-top-column elementor-element elementor-element-4fd6d73\" data-id=\"4fd6d73\" data-element_type=\"column\">\n\t\t\t<div class=\"elementor-widget-wrap elementor-element-populated\">\n\t\t\t\t\t\t<div class=\"elementor-element elementor-element-8cd37ba elementor-invisible elementor-widget elementor-widget-heading\" data-id=\"8cd37ba\" data-element_type=\"widget\" data-settings=\"{&quot;_animation&quot;:&quot;slide-up&quot;}\" data-widget_type=\"heading.default\">\n\t\t\t\t<div class=\"elementor-widget-container\">\n\t\t\t\t\t<h3 class=\"elementor-heading-title elementor-size-small\">AIDES DE L\u2019\u00c9TAT<\/h3>\t\t\t\t<\/div>\n\t\t\t\t<\/div>\n\t\t\t\t<div class=\"elementor-element elementor-element-dbd1e22 elementor-invisible elementor-widget elementor-widget-text-editor\" data-id=\"dbd1e22\" data-element_type=\"widget\" data-settings=\"{&quot;_animation&quot;:&quot;slide-up&quot;,&quot;_animation_delay&quot;:200}\" data-widget_type=\"text-editor.default\">\n\t\t\t\t<div class=\"elementor-widget-container\">\n\t\t\t\t\t\t\t\t\t<p><span style=\"color: #374151; font-family: S\u00f6hne, ui-sans-serif, system-ui, -apple-system, 'Segoe UI', Roboto, Ubuntu, Cantarell, 'Noto Sans', sans-serif, 'Helvetica Neue', Arial, 'Apple Color Emoji', 'Segoe UI Emoji', 'Segoe UI Symbol', 'Noto Color Emoji'; white-space-collapse: preserve;\">Notre philosophie d&rsquo;entreprise est bas\u00e9e sur la conviction fondamentale du bien-\u00eatre de nos employ\u00e9s, mais aussi d&rsquo;un progr\u00e8s vers une soci\u00e9t\u00e9 plus responsable et attentive aux probl\u00e8mes de l&rsquo;environnement. Pour cela, nous accordons une grande attention \u00e0 nos collaborateurs par le biais de plans d&rsquo;aide de l&rsquo;\u00e9tat et d&rsquo;assistance sanitaire int\u00e9gr\u00e9e.<\/span><\/p>\n\t\t\t\t\t\t\t\t<\/div>\n\t\t\t\t<\/div>\n\t\t\t\t\t<\/div>\n\t\t<\/div>\n\t\t\t\t<div class=\"elementor-column elementor-col-50 elementor-top-column elementor-element elementor-element-08829ea\" data-id=\"08829ea\" data-element_type=\"column\" data-settings=\"{&quot;background_background&quot;:&quot;classic&quot;}\">\n\t\t\t<div class=\"elementor-widget-wrap elementor-element-populated\">\n\t\t\t\t\t\t<div class=\"elementor-element elementor-element-cc544c3 elementor-invisible elementor-widget elementor-widget-image\" data-id=\"cc544c3\" data-element_type=\"widget\" data-settings=\"{&quot;_animation&quot;:&quot;slide-right&quot;}\" data-widget_type=\"image.default\">\n\t\t\t\t<div class=\"elementor-widget-container\">\n\t\t\t\t\t\t\t\t\t\t\t\t\t\t\t<img loading=\"lazy\" decoding=\"async\" width=\"1920\" height=\"1281\" src=\"https:\/\/domuspacis.it\/wp-content\/uploads\/2024\/01\/welfare-aziendale-domus-pacis.jpg\" class=\"attachment-full size-full wp-image-9728\" alt=\"\" srcset=\"https:\/\/domuspacis.it\/wp-content\/uploads\/2024\/01\/welfare-aziendale-domus-pacis.jpg 1920w, https:\/\/domuspacis.it\/wp-content\/uploads\/2024\/01\/welfare-aziendale-domus-pacis-768x512.jpg 768w, https:\/\/domuspacis.it\/wp-content\/uploads\/2024\/01\/welfare-aziendale-domus-pacis-1536x1025.jpg 1536w\" sizes=\"(max-width: 1920px) 100vw, 1920px\" title=\"\">\t\t\t\t\t\t\t\t\t\t\t\t\t\t\t<\/div>\n\t\t\t\t<\/div>\n\t\t\t\t\t<\/div>\n\t\t<\/div>\n\t\t\t\t\t<\/div>\n\t\t<\/section>\n\t\t<div class=\"elementor-element elementor-element-31dc4b9 e-flex e-con-boxed e-con e-parent\" data-id=\"31dc4b9\" data-element_type=\"container\">\n\t\t\t\t\t<div class=\"e-con-inner\">\n\t\t\t\t<div class=\"elementor-element elementor-element-92a4f6b elementor-widget-divider--view-line elementor-widget elementor-widget-divider\" data-id=\"92a4f6b\" data-element_type=\"widget\" data-widget_type=\"divider.default\">\n\t\t\t\t<div class=\"elementor-widget-container\">\n\t\t\t\t\t\t\t<div class=\"elementor-divider\">\n\t\t\t<span class=\"elementor-divider-separator\">\n\t\t\t\t\t\t<\/span>\n\t\t<\/div>\n\t\t\t\t\t\t<\/div>\n\t\t\t\t<\/div>\n\t\t\t\t\t<\/div>\n\t\t\t\t<\/div>\n\t\t\t\t<section class=\"elementor-section elementor-top-section elementor-element elementor-element-f031e9b elementor-section-stretched elementor-section-full_width elementor-section-content-middle elementor-reverse-tablet elementor-reverse-mobile elementor-section-height-default elementor-section-height-default\" data-id=\"f031e9b\" data-element_type=\"section\" data-settings=\"{&quot;stretch_section&quot;:&quot;section-stretched&quot;}\">\n\t\t\t\t\t\t<div class=\"elementor-container elementor-column-gap-no\">\n\t\t\t\t\t<div class=\"elementor-column elementor-col-50 elementor-top-column elementor-element elementor-element-624c69c\" data-id=\"624c69c\" data-element_type=\"column\" data-settings=\"{&quot;background_background&quot;:&quot;classic&quot;}\">\n\t\t\t<div class=\"elementor-widget-wrap elementor-element-populated\">\n\t\t\t\t\t\t<div class=\"elementor-element elementor-element-fad146d elementor-invisible elementor-widget elementor-widget-image\" data-id=\"fad146d\" data-element_type=\"widget\" data-settings=\"{&quot;_animation&quot;:&quot;slide-right&quot;}\" data-widget_type=\"image.default\">\n\t\t\t\t<div class=\"elementor-widget-container\">\n\t\t\t\t\t\t\t\t\t\t\t\t\t\t\t<img loading=\"lazy\" decoding=\"async\" width=\"1446\" height=\"531\" src=\"https:\/\/domuspacis.it\/wp-content\/uploads\/2024\/03\/DOMUS-PACIS-Report-SUSTAINability-gri.jpg\" class=\"attachment-full size-full wp-image-9731\" alt=\"\" srcset=\"https:\/\/domuspacis.it\/wp-content\/uploads\/2024\/03\/DOMUS-PACIS-Report-SUSTAINability-gri.jpg 1446w, https:\/\/domuspacis.it\/wp-content\/uploads\/2024\/03\/DOMUS-PACIS-Report-SUSTAINability-gri-768x282.jpg 768w\" sizes=\"(max-width: 1446px) 100vw, 1446px\" title=\"\">\t\t\t\t\t\t\t\t\t\t\t\t\t\t\t<\/div>\n\t\t\t\t<\/div>\n\t\t\t\t\t<\/div>\n\t\t<\/div>\n\t\t\t\t<div class=\"elementor-column elementor-col-50 elementor-top-column elementor-element elementor-element-a254167\" data-id=\"a254167\" data-element_type=\"column\">\n\t\t\t<div class=\"elementor-widget-wrap elementor-element-populated\">\n\t\t\t\t\t\t<div class=\"elementor-element elementor-element-cac1772 elementor-invisible elementor-widget elementor-widget-heading\" data-id=\"cac1772\" data-element_type=\"widget\" data-settings=\"{&quot;_animation&quot;:&quot;slide-up&quot;}\" data-widget_type=\"heading.default\">\n\t\t\t\t<div class=\"elementor-widget-container\">\n\t\t\t\t\t<h3 class=\"elementor-heading-title elementor-size-small\">SUSTAINABILITY REPORT \u2013 UNIONCAMERE<\/h3>\t\t\t\t<\/div>\n\t\t\t\t<\/div>\n\t\t\t\t<div class=\"elementor-element elementor-element-d6740f7 elementor-invisible elementor-widget elementor-widget-text-editor\" data-id=\"d6740f7\" data-element_type=\"widget\" data-settings=\"{&quot;_animation&quot;:&quot;slide-up&quot;,&quot;_animation_delay&quot;:200}\" data-widget_type=\"text-editor.default\">\n\t\t\t\t<div class=\"elementor-widget-container\">\n\t\t\t\t\t\t\t\t\t<p>Nous adoptons des pratiques \u00e0 lavant-garde du respect de l&rsquo;environnement, selon les standard internationaux GRI (Global Reporting Initiative), refl\u00e9tant ainsi vers un futur plus vert et responsable.<\/p>\n\t\t\t\t\t\t\t\t<\/div>\n\t\t\t\t<\/div>\n\t\t\t\t\t<\/div>\n\t\t<\/div>\n\t\t\t\t\t<\/div>\n\t\t<\/section>\n\t\t\t\t<section class=\"elementor-section elementor-top-section elementor-element elementor-element-bbef05b elementor-section-stretched elementor-section-full_width elementor-section-content-middle elementor-reverse-tablet elementor-reverse-mobile elementor-hidden-desktop elementor-hidden-tablet elementor-hidden-mobile elementor-section-height-default elementor-section-height-default\" data-id=\"bbef05b\" data-element_type=\"section\" data-settings=\"{&quot;stretch_section&quot;:&quot;section-stretched&quot;}\">\n\t\t\t\t\t\t<div class=\"elementor-container elementor-column-gap-no\">\n\t\t\t\t\t<div class=\"elementor-column elementor-col-50 elementor-top-column elementor-element elementor-element-0d85fdf\" data-id=\"0d85fdf\" data-element_type=\"column\" data-settings=\"{&quot;background_background&quot;:&quot;classic&quot;}\">\n\t\t\t<div class=\"elementor-widget-wrap elementor-element-populated\">\n\t\t\t\t\t\t<div class=\"elementor-element elementor-element-d01215c elementor-invisible elementor-widget elementor-widget-image\" data-id=\"d01215c\" data-element_type=\"widget\" data-settings=\"{&quot;_animation&quot;:&quot;slide-right&quot;}\" data-widget_type=\"image.default\">\n\t\t\t\t<div class=\"elementor-widget-container\">\n\t\t\t\t\t\t\t\t\t\t\t\t\t\t\t<img loading=\"lazy\" decoding=\"async\" width=\"1920\" height=\"1280\" src=\"https:\/\/domuspacis.it\/wp-content\/uploads\/2024\/01\/pensiline-fotovoltaiche-sostenibilita-domus-pacis.jpg\" class=\"attachment-full size-full wp-image-9726\" alt=\"\" srcset=\"https:\/\/domuspacis.it\/wp-content\/uploads\/2024\/01\/pensiline-fotovoltaiche-sostenibilita-domus-pacis.jpg 1920w, https:\/\/domuspacis.it\/wp-content\/uploads\/2024\/01\/pensiline-fotovoltaiche-sostenibilita-domus-pacis-768x512.jpg 768w, https:\/\/domuspacis.it\/wp-content\/uploads\/2024\/01\/pensiline-fotovoltaiche-sostenibilita-domus-pacis-1536x1024.jpg 1536w\" sizes=\"(max-width: 1920px) 100vw, 1920px\" title=\"\">\t\t\t\t\t\t\t\t\t\t\t\t\t\t\t<\/div>\n\t\t\t\t<\/div>\n\t\t\t\t\t<\/div>\n\t\t<\/div>\n\t\t\t\t<div class=\"elementor-column elementor-col-50 elementor-top-column elementor-element elementor-element-f10845f\" data-id=\"f10845f\" data-element_type=\"column\">\n\t\t\t<div class=\"elementor-widget-wrap elementor-element-populated\">\n\t\t\t\t\t\t<div class=\"elementor-element elementor-element-66c5dae elementor-invisible elementor-widget elementor-widget-heading\" data-id=\"66c5dae\" data-element_type=\"widget\" data-settings=\"{&quot;_animation&quot;:&quot;slide-up&quot;}\" data-widget_type=\"heading.default\">\n\t\t\t\t<div class=\"elementor-widget-container\">\n\t\t\t\t\t<h3 class=\"elementor-heading-title elementor-size-small\">ABRIS PHOTOVOLTA\u00cfQUES<\/h3>\t\t\t\t<\/div>\n\t\t\t\t<\/div>\n\t\t\t\t<div class=\"elementor-element elementor-element-32ebb28 elementor-invisible elementor-widget elementor-widget-text-editor\" data-id=\"32ebb28\" data-element_type=\"widget\" data-settings=\"{&quot;_animation&quot;:&quot;slide-up&quot;,&quot;_animation_delay&quot;:200}\" data-widget_type=\"text-editor.default\">\n\t\t\t\t<div class=\"elementor-widget-container\">\n\t\t\t\t\t\t\t\t\t<p>Conform\u00e9ment \u00e0 notre engagement continu en faveur de la durabilit\u00e9 et de l&rsquo;innovation, nous sommes ravis d&rsquo;annoncer l&rsquo;introduction de panneaux photovolta\u00efques install\u00e9s sur nos abris de parking : une \u00e9tape significative vers l&rsquo;autosuffisance \u00e9nerg\u00e9tique et la r\u00e9duction de l&rsquo;impact environnemental de l&rsquo;h\u00f4tel.<\/p>\n\t\t\t\t\t\t\t\t<\/div>\n\t\t\t\t<\/div>\n\t\t\t\t\t<\/div>\n\t\t<\/div>\n\t\t\t\t\t<\/div>\n\t\t<\/section>\n\t\t\t\t<\/div>\n\t\t","protected":false},"excerpt":{"rendered":"<p>IRRIGATION DU PARC AVEC L&rsquo;EAU DU PUITS Nous croyons en la gestion des ressources plus responsables et \u00e0 un impact environnemental soutenu. Pour cela, le syst\u00e8me d&rsquo;irrigation du parc du Domus Pacis H\u00f4tel est aliment\u00e9 exclusivement par de l&rsquo;eau de puits, pour r\u00e9duire notre impact sur les ressources hydriques locales. UTILISATION DE MAT\u00c9RIAUX BIO-COMPOSTABLES Dans [&hellip;]<\/p>\n","protected":false},"author":1,"featured_media":0,"parent":0,"menu_order":0,"comment_status":"closed","ping_status":"closed","template":"","meta":{"footnotes":""},"class_list":["post-9723","page","type-page","status-publish","hentry"],"_links":{"self":[{"href":"https:\/\/domuspacis.it\/fr\/wp-json\/wp\/v2\/pages\/9723","targetHints":{"allow":["GET"]}}],"collection":[{"href":"https:\/\/domuspacis.it\/fr\/wp-json\/wp\/v2\/pages"}],"about":[{"href":"https:\/\/domuspacis.it\/fr\/wp-json\/wp\/v2\/types\/page"}],"author":[{"embeddable":true,"href":"https:\/\/domuspacis.it\/fr\/wp-json\/wp\/v2\/users\/1"}],"replies":[{"embeddable":true,"href":"https:\/\/domuspacis.it\/fr\/wp-json\/wp\/v2\/comments?post=9723"}],"version-history":[{"count":0,"href":"https:\/\/domuspacis.it\/fr\/wp-json\/wp\/v2\/pages\/9723\/revisions"}],"wp:attachment":[{"href":"https:\/\/domuspacis.it\/fr\/wp-json\/wp\/v2\/media?parent=9723"}],"curies":[{"name":"wp","href":"https:\/\/api.w.org\/{rel}","templated":true}]}}