{"id":20559,"date":"2023-11-30T13:42:01","date_gmt":"2023-11-30T13:42:01","guid":{"rendered":"https:\/\/domuspacis.it\/qualitaetszertifizierung\/"},"modified":"2025-04-22T13:55:04","modified_gmt":"2025-04-22T13:55:04","slug":"qualitaetszertifizierung","status":"publish","type":"page","link":"https:\/\/domuspacis.it\/de\/qualitaetszertifizierung\/","title":{"rendered":"Qualit\u00e4tszertifizierung"},"content":{"rendered":"\t\t<div data-elementor-type=\"wp-page\" data-elementor-id=\"20559\" class=\"elementor elementor-20559 elementor-4424\" data-elementor-post-type=\"page\">\n\t\t\t\t\t\t<section class=\"elementor-section elementor-top-section elementor-element elementor-element-ddb3835 elementor-section-stretched elementor-section-boxed elementor-section-height-default elementor-section-height-default\" data-id=\"ddb3835\" data-element_type=\"section\" data-settings=\"{&quot;stretch_section&quot;:&quot;section-stretched&quot;,&quot;background_background&quot;:&quot;classic&quot;}\">\n\t\t\t\t\t\t<div class=\"elementor-container elementor-column-gap-wider\">\n\t\t\t\t\t<div class=\"elementor-column elementor-col-100 elementor-top-column elementor-element elementor-element-d538aff\" data-id=\"d538aff\" data-element_type=\"column\" data-settings=\"{&quot;background_background&quot;:&quot;classic&quot;}\">\n\t\t\t<div class=\"elementor-widget-wrap elementor-element-populated\">\n\t\t\t\t\t\t<section class=\"elementor-section elementor-inner-section elementor-element elementor-element-ab6df65 elementor-section-content-middle elementor-section-boxed elementor-section-height-default elementor-section-height-default\" data-id=\"ab6df65\" data-element_type=\"section\">\n\t\t\t\t\t\t<div class=\"elementor-container elementor-column-gap-extended\">\n\t\t\t\t\t<div class=\"elementor-column elementor-col-50 elementor-inner-column elementor-element elementor-element-cfbd793 elementor-invisible\" data-id=\"cfbd793\" data-element_type=\"column\" data-settings=\"{&quot;animation&quot;:&quot;slide-up&quot;}\">\n\t\t\t<div class=\"elementor-widget-wrap elementor-element-populated\">\n\t\t\t\t\t\t<div class=\"elementor-element elementor-element-fab701e elementor-invisible elementor-widget elementor-widget-heading\" data-id=\"fab701e\" data-element_type=\"widget\" data-settings=\"{&quot;_animation&quot;:&quot;slide-up&quot;}\" data-widget_type=\"heading.default\">\n\t\t\t\t<div class=\"elementor-widget-container\">\n\t\t\t\t\t<h2 class=\"elementor-heading-title elementor-size-default\">ZERTIFIZIERTES QUALIT\u00c4TSMANAGEMENTSYSTEM<\/h2>\t\t\t\t<\/div>\n\t\t\t\t<\/div>\n\t\t\t\t\t<\/div>\n\t\t<\/div>\n\t\t\t\t<div class=\"elementor-column elementor-col-50 elementor-inner-column elementor-element elementor-element-c48e2b5\" data-id=\"c48e2b5\" data-element_type=\"column\">\n\t\t\t<div class=\"elementor-widget-wrap elementor-element-populated\">\n\t\t\t\t\t\t<div class=\"elementor-element elementor-element-bf7d7b7 elementor-widget__width-initial elementor-invisible elementor-widget elementor-widget-text-editor\" data-id=\"bf7d7b7\" data-element_type=\"widget\" data-settings=\"{&quot;_animation&quot;:&quot;slide-up&quot;,&quot;_animation_delay&quot;:200}\" data-widget_type=\"text-editor.default\">\n\t\t\t\t<div class=\"elementor-widget-container\">\n\t\t\t\t\t\t\t\t\t<p><span class=\"TextRun SCXW190675531 BCX0\" lang=\"DE-DE\" xml:lang=\"DE-DE\" data-contrast=\"auto\"><span class=\"NormalTextRun SCXW190675531 BCX0\">Das Hotel Domus Pacis mit seinem technologisch innovativen<\/span><span class=\"NormalTextRun SCXW190675531 BCX0\">, gut<\/span><span class=\"NormalTextRun SCXW190675531 BCX0\"> organisierten und funktionalen Kongr<\/span><span class=\"NormalTextRun SCXW190675531 BCX0\">ess-Zentrum ist ein <\/span><span class=\"NormalTextRun SCXW190675531 BCX0\">angesehener<\/span><span class=\"NormalTextRun SCXW190675531 BCX0\"> Veranstaltungsort f\u00fc<\/span><span class=\"NormalTextRun SCXW190675531 BCX0\">r Tagungen, Kongresse, <\/span><span class=\"NormalTextRun SCXW190675531 BCX0\">Gesch\u00e4ft<\/span><span class=\"NormalTextRun SCXW190675531 BCX0\">streffen<\/span><span class=\"NormalTextRun SCXW190675531 BCX0\"> und<\/span><span class=\"NormalTextRun SCXW190675531 BCX0\"> Schulung<\/span><span class=\"NormalTextRun SCXW190675531 BCX0\">en<\/span><span class=\"NormalTextRun SCXW190675531 BCX0\"> und Seminare <\/span><span class=\"NormalTextRun SCXW190675531 BCX0\">auf<\/span><span class=\"NormalTextRun SCXW190675531 BCX0\"> hohem Niveau. <\/span><span class=\"NormalTextRun SCXW190675531 BCX0\">Aus diesem Grund strebt das Hotel ein den Erwartungen der <\/span><span class=\"NormalTextRun SCXW190675531 BCX0\">G\u00e4ste<\/span><span class=\"NormalTextRun SCXW190675531 BCX0\"> entsprechend hohes Serviceniveau an<\/span><span class=\"NormalTextRun SCXW190675531 BCX0\">, und dies<\/span> <span class=\"NormalTextRun SCXW190675531 BCX0\">in eine<\/span><span class=\"NormalTextRun SCXW190675531 BCX0\">r<\/span><span class=\"NormalTextRun SCXW190675531 BCX0\"> diskreten und gastfreu<\/span><span class=\"NormalTextRun SCXW190675531 BCX0\">ndlichen <\/span><span class=\"NormalTextRun SCXW190675531 BCX0\">Umgebung<\/span><span class=\"NormalTextRun SCXW190675531 BCX0\">, <\/span><span class=\"NormalTextRun SCXW190675531 BCX0\">in der<\/span><span class=\"NormalTextRun SCXW190675531 BCX0\"> eine gro\u00df<\/span><span class=\"NormalTextRun SCXW190675531 BCX0\">e Auswahl an Dienstleistungen <\/span><span class=\"NormalTextRun SCXW190675531 BCX0\">angeboten wird, <\/span><span class=\"NormalTextRun SCXW190675531 BCX0\">in der Gewissheit, dass die geltenden Rechtsvorschriften vollst\u00e4ndig eingehalten werden.<\/span><\/span><span class=\"EOP SCXW190675531 BCX0\" data-ccp-props=\"{}\">\u00a0<\/span><\/p>\t\t\t\t\t\t\t\t<\/div>\n\t\t\t\t<\/div>\n\t\t\t\t\t<\/div>\n\t\t<\/div>\n\t\t\t\t\t<\/div>\n\t\t<\/section>\n\t\t\t\t\t<\/div>\n\t\t<\/div>\n\t\t\t\t\t<\/div>\n\t\t<\/section>\n\t\t\t\t<section class=\"elementor-section elementor-top-section elementor-element elementor-element-8075e7c elementor-section-stretched elementor-section-boxed elementor-section-height-default elementor-section-height-default\" data-id=\"8075e7c\" data-element_type=\"section\" data-settings=\"{&quot;stretch_section&quot;:&quot;section-stretched&quot;,&quot;background_background&quot;:&quot;classic&quot;}\">\n\t\t\t\t\t\t<div class=\"elementor-container elementor-column-gap-no\">\n\t\t\t\t\t<div class=\"elementor-column elementor-col-100 elementor-top-column elementor-element elementor-element-477b7d0\" data-id=\"477b7d0\" data-element_type=\"column\" data-settings=\"{&quot;background_background&quot;:&quot;classic&quot;}\">\n\t\t\t<div class=\"elementor-widget-wrap elementor-element-populated\">\n\t\t\t\t\t\t<section class=\"elementor-section elementor-inner-section elementor-element elementor-element-241a27c elementor-section-content-top elementor-section-boxed elementor-section-height-default elementor-section-height-default\" data-id=\"241a27c\" data-element_type=\"section\">\n\t\t\t\t\t\t<div class=\"elementor-container elementor-column-gap-wider\">\n\t\t\t\t\t<div class=\"elementor-column elementor-col-50 elementor-inner-column elementor-element elementor-element-08c74ed elementor-invisible\" data-id=\"08c74ed\" data-element_type=\"column\" data-settings=\"{&quot;animation&quot;:&quot;slide-up&quot;}\">\n\t\t\t<div class=\"elementor-widget-wrap elementor-element-populated\">\n\t\t\t\t\t\t<div class=\"elementor-element elementor-element-4e9eefe elementor-invisible elementor-widget elementor-widget-text-editor\" data-id=\"4e9eefe\" data-element_type=\"widget\" data-settings=\"{&quot;_animation&quot;:&quot;slide-up&quot;,&quot;_animation_delay&quot;:200}\" data-widget_type=\"text-editor.default\">\n\t\t\t\t<div class=\"elementor-widget-container\">\n\t\t\t\t\t\t\t\t\t<p><span class=\"TextRun SCXW61445733 BCX0\" lang=\"DE-DE\" xml:lang=\"DE-DE\" data-contrast=\"auto\"><span class=\"NormalTextRun SCXW61445733 BCX0\">Z<\/span><span class=\"NormalTextRun SCXW61445733 BCX0\">u diesem Zweck<\/span><span class=\"NormalTextRun SCXW61445733 BCX0\"> hat <\/span><span class=\"NormalTextRun SCXW61445733 BCX0\">sich <\/span><span class=\"NormalTextRun SCXW61445733 BCX0\">unser<\/span><span class=\"NormalTextRun SCXW61445733 BCX0\"> Hotel <\/span><span class=\"NormalTextRun SCXW61445733 BCX0\">entschieden, ein den Normen UNI EN ISO 9001 entsprechendes Managementsys<\/span><span class=\"NormalTextRun SCXW61445733 BCX0\">tem zu entwickeln, ein <\/span><span class=\"NormalTextRun SCXW61445733 BCX0\">\u201e<\/span><span class=\"NormalTextRun SCXW61445733 BCX0\">Qualit\u00e4<\/span><span class=\"NormalTextRun SCXW61445733 BCX0\">tsmanagementsyste<\/span><span class=\"NormalTextRun SCXW61445733 BCX0\">m<\/span><span class=\"NormalTextRun SCXW61445733 BCX0\">\u201c<\/span><span class=\"NormalTextRun SCXW61445733 BCX0\">, das im Handbuch der Qualit\u00e4<\/span><span class=\"NormalTextRun SCXW61445733 BCX0\">t<\/span><span class=\"NormalTextRun SCXW61445733 BCX0\"> besc<\/span><span class=\"NormalTextRun SCXW61445733 BCX0\">hrieben und in den Betriebsabl\u00e4<\/span><span class=\"NormalTextRun SCXW61445733 BCX0\">ufen detailliert <\/span><span class=\"NormalTextRun SCXW61445733 BCX0\">definiert<\/span><span class=\"NormalTextRun SCXW61445733 BCX0\"> ist.<\/span><\/span><span class=\"EOP SCXW61445733 BCX0\" data-ccp-props=\"{}\">\u00a0<\/span><\/p><p><span class=\"TextRun SCXW245166815 BCX0\" lang=\"DE-DE\" xml:lang=\"DE-DE\" data-contrast=\"auto\"><span class=\"NormalTextRun SCXW245166815 BCX0\">Wir sind <\/span><span class=\"NormalTextRun SCXW245166815 BCX0\">davon <\/span><span class=\"NormalTextRun SCXW245166815 BCX0\">\u00fc<\/span><span class=\"NormalTextRun SCXW245166815 BCX0\">b<\/span><span class=\"NormalTextRun SCXW245166815 BCX0\">erzeugt, dass die Qualit\u00e4<\/span><span class=\"NormalTextRun SCXW245166815 BCX0\">t der Gastgewerbedienstleistungen <\/span><span class=\"NormalTextRun SCXW245166815 BCX0\">stark<\/span><span class=\"NormalTextRun SCXW245166815 BCX0\"> v<\/span><span class=\"NormalTextRun SCXW245166815 BCX0\">on den eigenen Ressourcen abh\u00e4<\/span><span class=\"NormalTextRun SCXW245166815 BCX0\">ngt. Die Profess<\/span><span class=\"NormalTextRun SCXW245166815 BCX0\">ionalit\u00e4t, H\u00f6flichkeit, <\/span><span class=\"NormalTextRun SCXW245166815 BCX0\">Bereitschaft<\/span><span class=\"NormalTextRun SCXW245166815 BCX0\"> zum Zuh\u00f6ren und die <\/span><span class=\"NormalTextRun SCXW245166815 BCX0\">Z<\/span><span class=\"NormalTextRun SCXW245166815 BCX0\">ufriedenheit <\/span><span class=\"NormalTextRun SCXW245166815 BCX0\">der <\/span><span class=\"NormalTextRun SCXW245166815 BCX0\">G\u00e4ste<\/span> <span class=\"NormalTextRun SCXW245166815 BCX0\">als Hauptziel sind <\/span><span class=\"NormalTextRun SCXW245166815 BCX0\">die Elemente, die einen Qualit\u00e4<\/span><span class=\"NormalTextRun SCXW245166815 BCX0\">tsservice auszeichnen. <\/span><span class=\"NormalTextRun SCXW245166815 BCX0\">Genau auf diese<\/span><span class=\"NormalTextRun SCXW245166815 BCX0\"> F<\/span><span class=\"NormalTextRun SCXW245166815 BCX0\">aktoren <\/span><span class=\"NormalTextRun SCXW245166815 BCX0\">st\u00fctzen<\/span> <span class=\"NormalTextRun SCXW245166815 BCX0\">wir uns beim G\u00e4steempfang<\/span><span class=\"NormalTextRun SCXW245166815 BCX0\">. Diese Faktoren zusammen mit kontinuierlichen Investitionen in <\/span><span class=\"NormalTextRun SCXW245166815 BCX0\">Einrichtungen<\/span><span class=\"NormalTextRun SCXW245166815 BCX0\"> und Innovationen haben zu einer <\/span><span class=\"NormalTextRun SCXW245166815 BCX0\">schrittweisen<\/span><span class=\"NormalTextRun SCXW245166815 BCX0\"> Steigerung der Qualit\u00e4<\/span><span class=\"NormalTextRun SCXW245166815 BCX0\">t der <\/span><span class=\"NormalTextRun SCXW245166815 BCX0\">angebotenen<\/span> <span class=\"NormalTextRun SCXW245166815 BCX0\">Dienstleistungen gef\u00fc<\/span><span class=\"NormalTextRun SCXW245166815 BCX0\">hrt.<\/span> <span class=\"NormalTextRun SCXW245166815 BCX0\">Um diese Eigenschaften zu gew\u00e4hrleisten, ist es f\u00fcr unser Hotel eine Priorit\u00e4t, die folgenden Strategien zu verfolgen:<\/span><\/span><span class=\"EOP SCXW245166815 BCX0\" data-ccp-props=\"{}\">\u00a0<\/span><\/p><ol><li><p><span data-contrast=\"auto\">\u00dcberpr\u00fcfen und Verbessern der Zufriedenheit der eigenen G\u00e4ste;<\/span><span data-ccp-props=\"{}\">\u00a0<\/span><\/p><\/li><li><p><span data-contrast=\"auto\">\u00dcberpr\u00fcfen hinsichtlich der Zufriedenheit der eigenen Ressourcen;\u00a0<\/span><span data-ccp-props=\"{}\">\u00a0<\/span><\/p><\/li><li><p><span data-contrast=\"auto\">Kontinuierliche Verbesserung der angebotenen Dienstleistungen und der Effizienz der damit verbundenen Prozesse;<\/span><span data-ccp-props=\"{}\">\u00a0<\/span><\/p><\/li><li><p><span data-contrast=\"auto\">Reduzierung der Kosten von Qualit\u00e4tsm\u00e4ngeln;<\/span><span data-ccp-props=\"{}\">\u00a0<\/span><\/p><\/li><li><p><span data-contrast=\"auto\">Fortlaufende Schulung des Personals;<\/span><span data-ccp-props=\"{}\">\u00a0<\/span><\/p><\/li><li><p><span data-contrast=\"auto\">Verbesserung des Zugangs zu Dienstleistungen und Nutzerinformationen.<\/span><span data-ccp-props=\"{}\">\u00a0<\/span><\/p><\/li><\/ol><p><span class=\"TextRun SCXW255683894 BCX0\" lang=\"DE-DE\" xml:lang=\"DE-DE\" data-contrast=\"auto\"><span class=\"NormalTextRun SCXW255683894 BCX0\">Um eine zus\u00e4<\/span><span class=\"NormalTextRun SCXW255683894 BCX0\">tzliche Garantie <\/span><span class=\"NormalTextRun SCXW255683894 BCX0\">f\u00fcr die Einhaltung<\/span><span class=\"NormalTextRun SCXW255683894 BCX0\"> dieser Prinz<\/span><span class=\"NormalTextRun SCXW255683894 BCX0\">ipien zu bieten und die Qualit\u00e4<\/span><span class=\"NormalTextRun SCXW255683894 BCX0\">t unserer Dienstleistungen von <\/span><span class=\"NormalTextRun SCXW255683894 BCX0\">einer dritten, <\/span><span class=\"NormalTextRun SCXW255683894 BCX0\">unparteiischen und <\/span><span class=\"NormalTextRun SCXW255683894 BCX0\">fachlich \u00e4u\u00dferst kompetenten<\/span> <span class=\"NormalTextRun SCXW255683894 BCX0\">Stelle<\/span><span class=\"NormalTextRun SCXW255683894 BCX0\"> zertifizieren<\/span><span class=\"NormalTextRun SCXW255683894 BCX0\"> zu lassen<\/span><span class=\"NormalTextRun SCXW255683894 BCX0\">,<\/span><span class=\"NormalTextRun SCXW255683894 BCX0\"> wurde das Qualit\u00e4tszertifizierungsinstitut <\/span><span class=\"NormalTextRun SCXW255683894 BCX0\">\u201e<\/span><span class=\"NormalTextRun SpellingErrorV2Themed SCXW255683894 BCX0\">Certiquality<\/span><span class=\"NormalTextRun SCXW255683894 BCX0\">\u201c<\/span><span class=\"NormalTextRun SCXW255683894 BCX0\">, Mitglied des <\/span><span class=\"NormalTextRun SpellingErrorV2Themed SCXW255683894 BCX0\">IQNet<\/span><span class=\"NormalTextRun SCXW255683894 BCX0\"> (International <\/span><span class=\"NormalTextRun SpellingErrorV2Themed SCXW255683894 BCX0\">Certification<\/span><span class=\"NormalTextRun SCXW255683894 BCX0\"> Network), in dem die renommiertesten Zertifizierungsstellen aus 35 L\u00e4ndern der Welt vertreten sind, beauftragt.<\/span><\/span><span class=\"EOP SCXW255683894 BCX0\" data-ccp-props=\"{}\">\u00a0<\/span><\/p><p><span class=\"TextRun SCXW57033345 BCX0\" lang=\"DE-DE\" xml:lang=\"DE-DE\" data-contrast=\"auto\"><span class=\"NormalTextRun SpellingErrorV2Themed SCXW57033345 BCX0\">Certiquality<\/span><span class=\"NormalTextRun SCXW57033345 BCX0\"> ist eine Einrichtung <\/span><span class=\"NormalTextRun SCXW57033345 BCX0\">im<\/span> <span class=\"NormalTextRun SCXW57033345 BCX0\">Dienste<\/span><span class=\"NormalTextRun SCXW57033345 BCX0\"> von Unternehmen, die f\u00fcr die Zertifizierung von Unternehmensmanagementsystemen f\u00fcr Qualit\u00e4t, Umwelt, Sicherheit und Produktzertifizierung akkreditiert sind. <\/span><span class=\"NormalTextRun SpellingErrorV2Themed SCXW57033345 BCX0\">Certiquality<\/span><span class=\"NormalTextRun SCXW57033345 BCX0\"> ist auch in den Bereichen Lebensmittelsicherheits\u00fcberpr\u00fcfung, Informationssysteme und Ausbildung t\u00e4tig.<\/span><\/span><span class=\"EOP SCXW57033345 BCX0\" data-ccp-props=\"{}\">\u00a0<\/span><\/p><p>Deshalb haben wir die Zertifizierung unseres Qualit\u00e4tssystems auf dem Gebiet der Hotel-, Gastronomie- und Kongressdienstleistungen gem\u00e4\u00df der Norm UNI EN ISO 9001:2008 erhalten.<\/p><p>Die Zertifizierung wurde auf der offiziellen Website von Accredia, der italienischen Akkreditierungsstelle, der einzigen nationalen Stelle, die vom Staat zur Durchf\u00fchrung von Akkreditierungst\u00e4tigkeiten erm\u00e4chtigt ist, ver\u00f6ffentlicht.<\/p>\t\t\t\t\t\t\t\t<\/div>\n\t\t\t\t<\/div>\n\t\t\t\t\t<\/div>\n\t\t<\/div>\n\t\t\t\t<div class=\"elementor-column elementor-col-50 elementor-inner-column elementor-element elementor-element-7b95145\" data-id=\"7b95145\" data-element_type=\"column\">\n\t\t\t<div class=\"elementor-widget-wrap elementor-element-populated\">\n\t\t\t\t\t\t<div class=\"elementor-element elementor-element-379fa62 elementor-widget__width-initial elementor-invisible elementor-widget elementor-widget-text-editor\" data-id=\"379fa62\" data-element_type=\"widget\" data-settings=\"{&quot;_animation&quot;:&quot;slide-up&quot;,&quot;_animation_delay&quot;:200}\" data-widget_type=\"text-editor.default\">\n\t\t\t\t<div class=\"elementor-widget-container\">\n\t\t\t\t\t\t\t\t\t<p><span data-contrast=\"auto\">N.cert. 9276\/2<br \/><\/span><span data-contrast=\"auto\">Provincia Serafica di S. Francesco O.F.M. Domus Pacis<br \/><\/span><span data-contrast=\"auto\">ISO 9001:2008 &#8211; Sistemi di gestione per la qualit\u00e0<br \/><\/span><span data-contrast=\"auto\">Ausgestellt am: 18-05-2005<br \/><\/span><span data-contrast=\"auto\">Zurzeit g\u00fcltig<br \/><span data-ccp-props=\"{}\">\u00a0<\/span><\/span><\/p><p><span data-contrast=\"auto\">Alle Unternehmensleiter sind verpflichtet, das Qualit\u00e4tssicherungssystem einzuf\u00fchren, die Kenntnisse dar\u00fcber zu verbreiten und die betrieblichen Aktivit\u00e4ten systematisch zu \u00fcberwachen, um sicherzustellen, dass das gesamte Personal die erforderliche Kompetenz im Hinblick auf die Qualit\u00e4tsanforderungen der Dienstleistungen besitzt und gem\u00e4\u00df den in den festgelegten Verfahren definierten Arbeitsmethoden arbeitet.<\/span><span data-ccp-props=\"{}\">\u00a0<\/span><\/p><p><span data-contrast=\"auto\">Alle Mitarbeiter verpflichten sich zu einer kontinuierlichen Qualit\u00e4tsverbesserung bei der Entwicklung ihrer T\u00e4tigkeiten im Rahmen der Unternehmenspolitik und -richtlinien.<\/span><span data-ccp-props=\"{}\">\u00a0<\/span><\/p><p><span data-contrast=\"auto\">Der Leiter des Qualit\u00e4tssystems, der direkt der Gesch\u00e4ftsleitung unterstellt ist, ist befugt, daf\u00fcr zu sorgen, dass das Qualit\u00e4tsmanagementsystem in \u00dcbereinstimmung mit der Bezugsnorm angewandt und aufrechterhalten wird, und hat die Aufgabe, der Gesch\u00e4ftsleitung \u00fcber die Entwicklung des Qualit\u00e4tssystems zu berichten, um seine wirksame \u00dcberpr\u00fcfung zu erm\u00f6glichen und seine Verbesserung zu steuern.<\/span><span data-ccp-props=\"{}\">\u00a0<\/span><\/p><p><span data-contrast=\"auto\">ISO 9001-ZERTIFIZIERUNG HERUNTERLADEN<\/span><span data-ccp-props=\"{}\">\u00a0<\/span><\/p>\t\t\t\t\t\t\t\t<\/div>\n\t\t\t\t<\/div>\n\t\t\t\t<div class=\"elementor-element elementor-element-9e7dfea elementor-widget elementor-widget-image\" data-id=\"9e7dfea\" data-element_type=\"widget\" data-widget_type=\"image.default\">\n\t\t\t\t<div class=\"elementor-widget-container\">\n\t\t\t\t\t\t\t\t\t\t\t\t\t\t\t<img fetchpriority=\"high\" decoding=\"async\" width=\"300\" height=\"300\" src=\"https:\/\/domuspacis.it\/wp-content\/uploads\/2023\/11\/domus-pacis-park-hotel-umbria-assisi-sistema-gestione-certificato-qualita.png\" class=\"attachment-large size-large wp-image-7696\" alt=\"\" title=\"\">\t\t\t\t\t\t\t\t\t\t\t\t\t\t\t<\/div>\n\t\t\t\t<\/div>\n\t\t\t\t\t<\/div>\n\t\t<\/div>\n\t\t\t\t\t<\/div>\n\t\t<\/section>\n\t\t\t\t<section class=\"elementor-section elementor-inner-section elementor-element elementor-element-b9a2943 elementor-section-boxed elementor-section-height-default elementor-section-height-default\" data-id=\"b9a2943\" data-element_type=\"section\">\n\t\t\t\t\t\t<div class=\"elementor-container elementor-column-gap-extended\">\n\t\t\t\t\t<div class=\"elementor-column elementor-col-100 elementor-inner-column elementor-element elementor-element-7d84b11\" data-id=\"7d84b11\" data-element_type=\"column\">\n\t\t\t<div class=\"elementor-widget-wrap elementor-element-populated\">\n\t\t\t\t\t\t<div class=\"elementor-element elementor-element-d8ad385 elementor-align-center elementor-mobile-align-left elementor-invisible elementor-widget elementor-widget-button\" data-id=\"d8ad385\" data-element_type=\"widget\" data-settings=\"{&quot;_animation&quot;:&quot;scale&quot;,&quot;_animation_delay&quot;:200}\" data-widget_type=\"button.default\">\n\t\t\t\t<div class=\"elementor-widget-container\">\n\t\t\t\t\t\t\t\t\t<div class=\"elementor-button-wrapper\">\n\t\t\t\t\t<a class=\"elementor-button elementor-button-link elementor-size-sm\" href=\"https:\/\/domuspacis.it\/wp-content\/uploads\/2024\/01\/20240112091211948.pdf\">\n\t\t\t\t\t\t<span class=\"elementor-button-content-wrapper\">\n\t\t\t\t\t\t\t\t\t<span class=\"elementor-button-text\">DOWNLOADEN SIE DIE ZERTIFIZIERUNG ISO 9001<\/span>\n\t\t\t\t\t<\/span>\n\t\t\t\t\t<\/a>\n\t\t\t\t<\/div>\n\t\t\t\t\t\t\t\t<\/div>\n\t\t\t\t<\/div>\n\t\t\t\t\t<\/div>\n\t\t<\/div>\n\t\t\t\t\t<\/div>\n\t\t<\/section>\n\t\t\t\t\t<\/div>\n\t\t<\/div>\n\t\t\t\t\t<\/div>\n\t\t<\/section>\n\t\t\t\t<\/div>\n\t\t","protected":false},"excerpt":{"rendered":"<p>ZERTIFIZIERTES QUALIT\u00c4TSMANAGEMENTSYSTEM Das Hotel Domus Pacis mit seinem technologisch innovativen, gut organisierten und funktionalen Kongress-Zentrum ist ein angesehener Veranstaltungsort f\u00fcr Tagungen, Kongresse, Gesch\u00e4ftstreffen und Schulungen und Seminare auf hohem Niveau. Aus diesem Grund strebt das Hotel ein den Erwartungen der G\u00e4ste entsprechend hohes Serviceniveau an, und dies in einer diskreten und gastfreundlichen Umgebung, in der [&hellip;]<\/p>\n","protected":false},"author":1,"featured_media":0,"parent":0,"menu_order":0,"comment_status":"closed","ping_status":"closed","template":"","meta":{"footnotes":""},"class_list":["post-20559","page","type-page","status-publish","hentry"],"_links":{"self":[{"href":"https:\/\/domuspacis.it\/de\/wp-json\/wp\/v2\/pages\/20559","targetHints":{"allow":["GET"]}}],"collection":[{"href":"https:\/\/domuspacis.it\/de\/wp-json\/wp\/v2\/pages"}],"about":[{"href":"https:\/\/domuspacis.it\/de\/wp-json\/wp\/v2\/types\/page"}],"author":[{"embeddable":true,"href":"https:\/\/domuspacis.it\/de\/wp-json\/wp\/v2\/users\/1"}],"replies":[{"embeddable":true,"href":"https:\/\/domuspacis.it\/de\/wp-json\/wp\/v2\/comments?post=20559"}],"version-history":[{"count":7,"href":"https:\/\/domuspacis.it\/de\/wp-json\/wp\/v2\/pages\/20559\/revisions"}],"predecessor-version":[{"id":20740,"href":"https:\/\/domuspacis.it\/de\/wp-json\/wp\/v2\/pages\/20559\/revisions\/20740"}],"wp:attachment":[{"href":"https:\/\/domuspacis.it\/de\/wp-json\/wp\/v2\/media?parent=20559"}],"curies":[{"name":"wp","href":"https:\/\/api.w.org\/{rel}","templated":true}]}}