{"id":20350,"date":"2024-01-17T10:41:18","date_gmt":"2024-01-17T10:41:18","guid":{"rendered":"https:\/\/domuspacis.it\/zimmer\/"},"modified":"2025-04-22T14:51:38","modified_gmt":"2025-04-22T14:51:38","slug":"zimmer","status":"publish","type":"page","link":"https:\/\/domuspacis.it\/de\/zimmer\/","title":{"rendered":"Zimmer"},"content":{"rendered":"\t\t<div data-elementor-type=\"wp-page\" data-elementor-id=\"20350\" class=\"elementor elementor-20350 elementor-5861\" data-elementor-post-type=\"page\">\n\t\t\t\t\t\t<section class=\"elementor-section elementor-top-section elementor-element elementor-element-e33bc20 elementor-section-full_width elementor-section-stretched elementor-section-height-default elementor-section-height-default\" data-id=\"e33bc20\" data-element_type=\"section\" data-settings=\"{&quot;stretch_section&quot;:&quot;section-stretched&quot;,&quot;background_background&quot;:&quot;classic&quot;}\">\n\t\t\t\t\t\t<div class=\"elementor-container elementor-column-gap-no\">\n\t\t\t\t\t<div class=\"elementor-column elementor-col-100 elementor-top-column elementor-element elementor-element-f24d43f\" data-id=\"f24d43f\" data-element_type=\"column\">\n\t\t\t<div class=\"elementor-widget-wrap elementor-element-populated\">\n\t\t\t\t\t\t<div class=\"elementor-element elementor-element-456dfaa elementor-widget elementor-widget-apus_element_revslider\" data-id=\"456dfaa\" data-element_type=\"widget\" data-widget_type=\"apus_element_revslider.default\">\n\t\t\t\t<div class=\"elementor-widget-container\">\n\t\t\t\t\t        <div class=\"widget-revslider \">\r\n            \n\t\t\t<!-- START DE  camere REVOLUTION SLIDER 6.7.39 --><p class=\"rs-p-wp-fix\"><\/p>\n\t\t\t<rs-module-wrap id=\"rev_slider_136_1_wrapper\" data-source=\"gallery\" style=\"visibility:hidden;background:linear-gradient(rgba(79,128,175,1) 0%, rgba(227,225,222,1) 100%);padding:0;margin:0px auto;margin-top:0;margin-bottom:0;\">\n\t\t\t\t<rs-module id=\"rev_slider_136_1\" style=\"\" data-version=\"6.7.39\">\n\t\t\t\t\t<rs-slides style=\"overflow: hidden; position: absolute;\">\n\t\t\t\t\t\t<rs-slide style=\"position: absolute;\" data-key=\"rs-135\" data-title=\"Slide\" data-anim=\"ms:3000ms;\" data-in=\"o:0;\" data-out=\"a:false;\">\n\t\t\t\t\t\t\t<img fetchpriority=\"high\" decoding=\"async\" src=\"\/\/domuspacis.it\/wp-content\/plugins\/revslider\/sr6\/assets\/assets\/dummy.png\" alt=\"\" title=\"le-camere-domus-pacis-assisi_241.jpeg\" width=\"1280\" height=\"720\" class=\"rev-slidebg tp-rs-img rs-lazyload\" data-lazyload=\"\/\/domuspacis.it\/wp-content\/uploads\/revslider\/video-media\/le-camere-domus-pacis-assisi_241.jpeg\" data-no-retina>\n\t\t\t\t\t\t\t<rs-bgvideo \n\t\t\t\t\t\t\t\tdata-video=\"w:100%;h:100%;nse:false;l:true;ptimer:false;vfc:true;\"\n\t\t\t\t\t\t\t\tdata-mp4=\"\/\/domuspacis.it\/wp-content\/uploads\/2024\/06\/Cle-camere-domus-pacis-assisi.mp4\"\n\t\t\t\t\t\t\t><\/rs-bgvideo>\n<!--\n\t\t\t\t\t\t\t--><rs-layer\n\t\t\t\t\t\t\t\tid=\"slider-136-slide-135-layer-1\" \n\t\t\t\t\t\t\t\tdata-type=\"text\"\n\t\t\t\t\t\t\t\tdata-color=\"#f9ebc7\"\n\t\t\t\t\t\t\t\tdata-rsp_ch=\"on\"\n\t\t\t\t\t\t\t\tdata-xy=\"x:c;y:m;yo:0,0,0,-50px;\"\n\t\t\t\t\t\t\t\tdata-text=\"w:normal;s:60,60,42,35;l:70,100,65,69;a:center;\"\n\t\t\t\t\t\t\t\tdata-dim=\"w:1293px,873px,207px,174px;h:88px,auto,300px,auto;\"\n\t\t\t\t\t\t\t\tdata-frame_0=\"o:1;\"\n\t\t\t\t\t\t\t\tdata-frame_0_chars=\"d:5;y:-100%;o:0;rZ:35deg;\"\n\t\t\t\t\t\t\t\tdata-frame_0_mask=\"u:t;\"\n\t\t\t\t\t\t\t\tdata-frame_1=\"st:610;sp:500;sR:610;\"\n\t\t\t\t\t\t\t\tdata-frame_1_chars=\"e:power4.inOut;d:10;rZ:0deg;\"\n\t\t\t\t\t\t\t\tdata-frame_1_mask=\"u:t;\"\n\t\t\t\t\t\t\t\tdata-frame_999=\"o:0;st:w;sR:5690;\"\n\t\t\t\t\t\t\t\tstyle=\"z-index:7;font-family:'Ephesis';word-spacing:2rem;\"\n\t\t\t\t\t\t\t>Gastfreundschaft  Komfort  Eleganz \n\t\t\t\t\t\t\t<\/rs-layer><!--\n\n\t\t\t\t\t\t\t--><rs-layer\n\t\t\t\t\t\t\t\tid=\"slider-136-slide-135-layer-2\" \n\t\t\t\t\t\t\t\tdata-type=\"shape\"\n\t\t\t\t\t\t\t\tdata-rsp_ch=\"on\"\n\t\t\t\t\t\t\t\tdata-text=\"w:normal;s:20,15,9,5;l:0,18,11,6;\"\n\t\t\t\t\t\t\t\tdata-dim=\"w:100%;h:100%;\"\n\t\t\t\t\t\t\t\tdata-basealign=\"slide\"\n\t\t\t\t\t\t\t\tdata-frame_999=\"o:0;st:w;sR:8700;\"\n\t\t\t\t\t\t\t\tstyle=\"z-index:6;background-color:rgba(0,0,0,0.5);\"\n\t\t\t\t\t\t\t> \n\t\t\t\t\t\t\t<\/rs-layer><!--\n-->\t\t\t\t\t<\/rs-slide>\n\t\t\t\t\t<\/rs-slides>\n\t\t\t\t<\/rs-module>\n\t\t\t\t<script>\n\t\t\t\t\tsetREVStartSize({c: 'rev_slider_136_1',rl:[1240,1024,778,480],el:[960,700,500,900],gw:[1550,1170,768,480],gh:[960,700,500,900],type:'standard',justify:'',layout:'fullwidth',mh:\"0\"});if (window.RS_MODULES!==undefined && window.RS_MODULES.modules!==undefined && window.RS_MODULES.modules[\"revslider1361\"]!==undefined) {window.RS_MODULES.modules[\"revslider1361\"].once = false;window.revapi136 = undefined;if (window.RS_MODULES.checkMinimal!==undefined) window.RS_MODULES.checkMinimal()}\n\t\t\t\t<\/script>\n\t\t\t<\/rs-module-wrap>\n\t\t\t<!-- END REVOLUTION SLIDER -->\n        <\/div>\r\n        \t\t\t\t<\/div>\n\t\t\t\t<\/div>\n\t\t\t\t\t<\/div>\n\t\t<\/div>\n\t\t\t\t\t<\/div>\n\t\t<\/section>\n\t\t\t\t<section class=\"elementor-section elementor-top-section elementor-element elementor-element-2d9966f elementor-section-stretched elementor-section-content-middle elementor-section-full_width elementor-reverse-tablet elementor-reverse-mobile elementor-section-height-default elementor-section-height-default\" data-id=\"2d9966f\" data-element_type=\"section\" data-settings=\"{&quot;stretch_section&quot;:&quot;section-stretched&quot;}\">\n\t\t\t\t\t\t<div class=\"elementor-container elementor-column-gap-extended\">\n\t\t\t\t\t<div class=\"elementor-column elementor-col-100 elementor-top-column elementor-element elementor-element-5d76a1d\" data-id=\"5d76a1d\" data-element_type=\"column\">\n\t\t\t<div class=\"elementor-widget-wrap elementor-element-populated\">\n\t\t\t\t\t\t<div class=\"elementor-element elementor-element-c53d936 elementor-invisible elementor-widget elementor-widget-heading\" data-id=\"c53d936\" data-element_type=\"widget\" data-settings=\"{&quot;_animation&quot;:&quot;slide-up&quot;}\" data-widget_type=\"heading.default\">\n\t\t\t\t<div class=\"elementor-widget-container\">\n\t\t\t\t\t<h1 class=\"elementor-heading-title elementor-size-default\">AUFENTHALT IM DOMUS PACIS <\/h1>\t\t\t\t<\/div>\n\t\t\t\t<\/div>\n\t\t\t\t\t<\/div>\n\t\t<\/div>\n\t\t\t\t\t<\/div>\n\t\t<\/section>\n\t\t\t\t<section class=\"elementor-section elementor-top-section elementor-element elementor-element-5b5d00b elementor-section-stretched elementor-section-full_width elementor-section-height-default elementor-section-height-default\" data-id=\"5b5d00b\" data-element_type=\"section\" data-settings=\"{&quot;stretch_section&quot;:&quot;section-stretched&quot;,&quot;background_background&quot;:&quot;classic&quot;}\">\n\t\t\t\t\t\t<div class=\"elementor-container elementor-column-gap-no\">\n\t\t\t\t\t<div class=\"elementor-column elementor-col-100 elementor-top-column elementor-element elementor-element-1db498e\" data-id=\"1db498e\" data-element_type=\"column\">\n\t\t\t<div class=\"elementor-widget-wrap elementor-element-populated\">\n\t\t\t\t\t\t<div class=\"elementor-element elementor-element-3587b26 camera-superior elementor-invisible elementor-widget elementor-widget-apus_element_amenities\" data-id=\"3587b26\" data-element_type=\"widget\" data-settings=\"{&quot;_animation&quot;:&quot;fadeIn&quot;}\" data-widget_type=\"apus_element_amenities.default\">\n\t\t\t\t<div class=\"elementor-widget-container\">\n\t\t\t\t\t            <div class=\"widget-amenities ristorante\">\n                <div class=\"d-md-flex align-items-center\">\n                    <div class=\"wrapper-amenities-thumbnail d-none d-md-block col-md-6\">\n                        <div class=\"slick-carousel amenities-thumbnail m-0\" data-items=\"1\" data-large=\"1\" data-medium=\"1\" data-small=\"1\" data-smallest=\"1\" data-pagination=\"false\" data-nav=\"false\" data-asnavfor=\".amenities-main\" data-slidestoscroll=\"1\" data-focusonselect=\"true\" data-infinite=\"false\">\n                                                                                                                                <div class=\"amenities-banner p-0\">\n                                        <img decoding=\"async\" src=\"https:\/\/domuspacis.it\/wp-content\/uploads\/024_Domus_Pacis_Interni_07_24.jpg\" alt=\"KOMFORT-ZIMMER \" title=\"\">\n                                    <\/div>\n                                                                                                                                                                <div class=\"amenities-banner p-0\">\n                                        <img decoding=\"async\" src=\"https:\/\/domuspacis.it\/wp-content\/uploads\/036_Domus_Pacis_Interni_07_24.jpg\" alt=\"KLASSISCHES ZIMMER \" title=\"\">\n                                    <\/div>\n                                                                                                                                                                <div class=\"amenities-banner p-0\">\n                                        <img decoding=\"async\" src=\"https:\/\/domuspacis.it\/wp-content\/uploads\/013_Domus_Pacis_Interni_07_24.jpg\" alt=\"SUPERIOR-ZIMMER \" title=\"\">\n                                    <\/div>\n                                                                                    <\/div>\n                    <\/div>\n\n                    <div class=\"slick-carousel amenities-main col-md-6 col-12 m-0\" data-items=\"1\" data-large=\"1\" data-medium=\"1\" data-small=\"1\" data-smallest=\"1\" data-pagination=\"false\" data-nav=\"true\" data-asnavfor=\".amenities-thumbnail\" data-slickparent=\"true\">\n                                                                                \n                            <div class=\"amenities-item p-0\">\n                                <h3 class=\"name-client\">KOMFORT-ZIMMER <\/h3>                                                                                                    <div class=\"description\">Erst k\u00fcrzlich renovierte Zimmer, die mit eleganter Schlichtheit ausgestattet sind und \u00fcber ein vollst\u00e4ndig ausgestattetes Badezimmer mit Dusche und H\u00f6flichkeitsset sowie \u00fcber einen LCD-Fernseher, F\u00f6hn, direkten Telefonanschluss, Klimaanlage, K\u00fchlschrank, Schreibtisch und Wifi-Internetverbindung verf\u00fcgen.<\/div>\n                                                            <\/div>\n                                                                                \n                            <div class=\"amenities-item p-0\">\n                                <h3 class=\"name-client\">KLASSISCHES ZIMMER <\/h3>                                                                                                    <div class=\"description\">Helle, komfortable und funktionell eingerichtete Zimmer, die \u00fcber ein vollst\u00e4ndig ausgestattetes Badezimmer mit Dusche und H\u00f6flichkeitsset sowie \u00fcber einen LED-Fernseher, F\u00f6hn, direkten Telefonanschluss, Klimaanlage, K\u00fchlschrank, Schreibtisch und Wifi-Internetverbindung verf\u00fcgen.<\/div>\n                                                            <\/div>\n                                                                                \n                            <div class=\"amenities-item p-0\">\n                                <h3 class=\"name-client\">SUPERIOR-ZIMMER <\/h3>                                                                                                    <div class=\"description\">Ger\u00e4umige und helle, elegant eingerichtete Zimmer in modernem Design, die f\u00fcr einen angenehm komfortablen Aufenthalt sorgen. Sie verf\u00fcgen \u00fcber ein gro\u00dfes Badezimmer mit Dusche und H\u00f6flichkeitsset, 32 Zoll Fernseher, F\u00f6hn, Telefon, Klimaanlage, Wifi-Internetverbindung und Zimmersafe. Sie bieten das Beste einer gem\u00fctlichen Hotelunterkunft und verf\u00fcgen \u00fcber einen gem\u00fctlichen Wohnbereich.<\/div>\n                                                            <\/div>\n                                            <\/div>\n                <\/div>\n            <\/div>\n            \t\t\t\t<\/div>\n\t\t\t\t<\/div>\n\t\t\t\t<div class=\"elementor-element elementor-element-88e8f3a elementor-align-center elementor-absolute elementor-hidden-tablet elementor-invisible elementor-widget elementor-widget-button\" data-id=\"88e8f3a\" data-element_type=\"widget\" data-settings=\"{&quot;_animation&quot;:&quot;slide-down&quot;,&quot;_animation_delay&quot;:150,&quot;_position&quot;:&quot;absolute&quot;}\" data-widget_type=\"button.default\">\n\t\t\t\t<div class=\"elementor-widget-container\">\n\t\t\t\t\t\t\t\t\t<div class=\"elementor-button-wrapper\">\n\t\t\t\t\t<a class=\"elementor-button elementor-button-link elementor-size-sm\" href=\"https:\/\/booking.isidorosoftware.com\/DOMUSPACISASSISI?IDCOMPANY=1&#038;lang=IT&#038;room_type=0&#038;IN=2024-10-29&#038;OUT=2024-10-30&#038;ROOMS_NUM=1&#038;R1_ADULT=2&#038;R1_CHILD=0&#038;R1_CHILD2=0&#038;R1_INFANT=0\" rel=\"nofollow noopener\" target=\"_blank\">\n\t\t\t\t\t\t<span class=\"elementor-button-content-wrapper\">\n\t\t\t\t\t\t\t\t\t<span class=\"elementor-button-text\">JETZT buchen<\/span>\n\t\t\t\t\t<\/span>\n\t\t\t\t\t<\/a>\n\t\t\t\t<\/div>\n\t\t\t\t\t\t\t\t<\/div>\n\t\t\t\t<\/div>\n\t\t\t\t\t<\/div>\n\t\t<\/div>\n\t\t\t\t\t<\/div>\n\t\t<\/section>\n\t\t\t\t<section class=\"elementor-section elementor-top-section elementor-element elementor-element-5debce0 elementor-section-content-middle elementor-section-stretched elementor-section-full_width elementor-section-height-default elementor-section-height-default\" data-id=\"5debce0\" data-element_type=\"section\" data-settings=\"{&quot;background_background&quot;:&quot;classic&quot;,&quot;stretch_section&quot;:&quot;section-stretched&quot;}\">\n\t\t\t\t\t\t<div class=\"elementor-container elementor-column-gap-extended\">\n\t\t\t\t\t<div class=\"elementor-column elementor-col-100 elementor-top-column elementor-element elementor-element-012f656\" data-id=\"012f656\" data-element_type=\"column\">\n\t\t\t<div class=\"elementor-widget-wrap elementor-element-populated\">\n\t\t\t\t\t\t<div class=\"elementor-element elementor-element-cfac1b2 elementor-widget elementor-widget-ucaddon_logo_marquee\" data-id=\"cfac1b2\" data-element_type=\"widget\" data-widget_type=\"ucaddon_logo_marquee.default\">\n\t\t\t\t<div class=\"elementor-widget-container\">\n\t\t\t\t\t\n<!-- start Logo Marquee -->\n\t\t<link id='font-awesome-css' href='https:\/\/domuspacis.it\/wp-content\/plugins\/unlimited-elements-for-elementor-premium\/assets_libraries\/font-awesome6\/fontawesome-all.min.css' type='text\/css' rel='stylesheet' >\n\t\t<link id='font-awesome-4-shim-css' href='https:\/\/domuspacis.it\/wp-content\/plugins\/unlimited-elements-for-elementor-premium\/assets_libraries\/font-awesome6\/fontawesome-v4-shims.min.css' type='text\/css' rel='stylesheet' >\n\n<style>\/* widget: Logo Marquee *\/\n\n#uc_logo_marquee_elementor_cfac1b2{\n  min-height:1px;\n  text-align: center;\n  position:relative;\n  opacity: 0;\n}\n\n#uc_logo_marquee_elementor_cfac1b2 *{\n  box-sizing:border-box;\n}\n#uc_logo_marquee_elementor_cfac1b2 .uc_marquee {\n\tdisplay: flex;\n\talign-items: center;\n\toverflow: hidden;\n    position: relative;\n}\n#uc_logo_marquee_elementor_cfac1b2 .uc_marquee > div {\n    position:relative;\n\tdisplay: inline-flex;\n\talign-items: center;\n\tflex: 0 0 auto;\n\twidth: auto;\n\toverflow: hidden;\n  \t\t\tanimation-name: marquee-to-left;\n    \tanimation-timing-function: linear;\n\tanimation-iteration-count: infinite;\n    }\n#uc_logo_marquee_elementor_cfac1b2 img{\n\n  \theight: 100%;\n  \tobject-fit: contain;\n}\n\n#uc_logo_marquee_elementor_cfac1b2 .ue_marquee_title\n{\n  position:absolute;\n  bottom:0px;\n  left: 0;\n  width:100%;\n}\n\n#uc_logo_marquee_elementor_cfac1b2 .uc_logo_marquee_holder{\n\tposition:relative;\n    text-align:center;\n    overflow:hidden;\n}\n\n\n#uc_logo_marquee_elementor_cfac1b2 .uc_logo_marquee_holder a{\n  height:100%;\n  width: 100%;\n  display:flex;\n  align-items: center;\n  justify-content:center;\n}\n\n\n\t@keyframes marquee-to-left {\n\tfrom {transform: translate(0,0)}\n\tto {transform: translate(-50%,0)}\n}\n\t\n\n\n\n\n\n#uc_logo_marquee_elementor_cfac1b2 .ue-item-badge\n{\n  position:absolute;\n  right:0px;\n  top:0px;\n}\n\n\/*bottoni*\/\n#uc_logo_marquee_elementor_cfac1b2 .uc-slider-prev,\n#uc_logo_marquee_elementor_cfac1b2 .uc-slider-next {\n    position: absolute;\n    top: 50%;\n    transform: translateY(-50%);\n    background-color: rgba(0, 0, 0, 0.5);\n    color: #fff;\n    border: none;\n    padding: 10px;\n    cursor: pointer;\n    z-index: 10;\n}\n\n#uc_logo_marquee_elementor_cfac1b2 .uc-slider-prev {\n    left: 10px;\n}\n\n#uc_logo_marquee_elementor_cfac1b2 .uc-slider-next {\n    right: 10px;\n}\n\n#uc_logo_marquee_elementor_cfac1b2 .uc-slider-prev:hover,\n#uc_logo_marquee_elementor_cfac1b2 .uc-slider-next:hover {\n    background-color: rgba(0, 0, 0, 0.8);\n}\n\n<\/style>\n\n<div class=\"uc_logo_marquee \" id=\"uc_logo_marquee_elementor_cfac1b2\" style=\"direction:ltr;\" >\n   <div class=\"uc_marquee uc-items-wrapper\" data-height=\"300px\" data-speed=\"10000\" data-mobile-items=\"1\" data-tablet-items=\"2\" data-desktop-items=\"\" data-margin=\"0\" data-paused=\"true\" data-direction=\"left\">\n   \t\t<div class=\"uc_logo_marquee_holder elementor-repeater-item-9d2ea7f\">\n\t        <img decoding=\"async\" src=\"https:\/\/domuspacis.it\/wp-content\/uploads\/028_Domus_Pacis_Interni_07_24.jpg\" alt=\"Default Title\" class=\"ue_img_marquee\" title=\"\">\n      \t\n        \n      \t\n      <\/div>\n<div class=\"uc_logo_marquee_holder elementor-repeater-item-f647afa\">\n\t        <img decoding=\"async\" src=\"https:\/\/domuspacis.it\/wp-content\/uploads\/015_Domus_Pacis_Interni_07_24.jpg\" alt=\"Default Title\" class=\"ue_img_marquee\" title=\"\">\n      \t\n        \n      \t\n      <\/div>\n<div class=\"uc_logo_marquee_holder elementor-repeater-item-d46b913\">\n\t        <img decoding=\"async\" src=\"https:\/\/domuspacis.it\/wp-content\/uploads\/016_Domus_Pacis_Interni_07_24.jpg\" alt=\"Default Title\" class=\"ue_img_marquee\" title=\"\">\n      \t\n        \n      \t\n      <\/div>\n<div class=\"uc_logo_marquee_holder elementor-repeater-item-933c1d3\">\n\t        <img decoding=\"async\" src=\"https:\/\/domuspacis.it\/wp-content\/uploads\/031_Domus_Pacis_Interni_07_24.jpg\" alt=\"Default Title\" class=\"ue_img_marquee\" title=\"\">\n      \t\n        \n      \t\n      <\/div>\n<div class=\"uc_logo_marquee_holder elementor-repeater-item-7270f47\">\n\t        <img decoding=\"async\" src=\"https:\/\/domuspacis.it\/wp-content\/uploads\/020_Domus_Pacis_Interni_07_24.jpg\" alt=\"Default Title\" class=\"ue_img_marquee\" title=\"\">\n      \t\n        \n      \t\n      <\/div>\n<div class=\"uc_logo_marquee_holder elementor-repeater-item-8985bb2\">\n\t        <img decoding=\"async\" src=\"https:\/\/domuspacis.it\/wp-content\/uploads\/017_Domus_Pacis_Interni_07_24.jpg\" alt=\"Default Title\" class=\"ue_img_marquee\" title=\"\">\n      \t\n        \n      \t\n      <\/div>\n<div class=\"uc_logo_marquee_holder elementor-repeater-item-cab33ed\">\n\t        <img decoding=\"async\" src=\"https:\/\/domuspacis.it\/wp-content\/uploads\/029_Domus_Pacis_Interni_07_24.jpg\" alt=\"Default Title\" class=\"ue_img_marquee\" title=\"\">\n      \t\n        \n      \t\n      <\/div>\n<div class=\"uc_logo_marquee_holder elementor-repeater-item-9d3c745\">\n\t        <img decoding=\"async\" src=\"https:\/\/domuspacis.it\/wp-content\/uploads\/025_Domus_Pacis_Interni_07_24.jpg\" alt=\"Default Title\" class=\"ue_img_marquee\" title=\"\">\n      \t\n        \n      \t\n      <\/div>\n<div class=\"uc_logo_marquee_holder elementor-repeater-item-71edb09\">\n\t        <img decoding=\"async\" src=\"https:\/\/domuspacis.it\/wp-content\/uploads\/033_Domus_Pacis_Interni_07_24.jpg\" alt=\"Default Title\" class=\"ue_img_marquee\" title=\"\">\n      \t\n        \n      \t\n      <\/div>\n<div class=\"uc_logo_marquee_holder elementor-repeater-item-ac97160\">\n\t        <img decoding=\"async\" src=\"https:\/\/domuspacis.it\/wp-content\/uploads\/012_Domus_Pacis_Interni_07_24.jpg\" alt=\"Default Title\" class=\"ue_img_marquee\" title=\"\">\n      \t\n        \n      \t\n      <\/div>\n<div class=\"uc_logo_marquee_holder elementor-repeater-item-2d39528\">\n\t        <img decoding=\"async\" src=\"https:\/\/domuspacis.it\/wp-content\/uploads\/023_Domus_Pacis_Interni_07_24.jpg\" alt=\"Default Title\" class=\"ue_img_marquee\" title=\"\">\n      \t\n        \n      \t\n      <\/div>\n<div class=\"uc_logo_marquee_holder elementor-repeater-item-9f8c63a\">\n\t        <img decoding=\"async\" src=\"https:\/\/domuspacis.it\/wp-content\/uploads\/026_Domus_Pacis_Interni_07_24.jpg\" alt=\"Default Title\" class=\"ue_img_marquee\" title=\"\">\n      \t\n        \n      \t\n      <\/div>\n<div class=\"uc_logo_marquee_holder elementor-repeater-item-85f94f7\">\n\t        <img decoding=\"async\" src=\"https:\/\/domuspacis.it\/wp-content\/uploads\/022_Domus_Pacis_Interni_07_24.jpg\" alt=\"Default Title\" class=\"ue_img_marquee\" title=\"\">\n      \t\n        \n      \t\n      <\/div>\n<div class=\"uc_logo_marquee_holder elementor-repeater-item-086b6c7\">\n\t        <img decoding=\"async\" src=\"https:\/\/domuspacis.it\/wp-content\/uploads\/034_Domus_Pacis_Interni_07_24.jpg\" alt=\"Default Title\" class=\"ue_img_marquee\" title=\"\">\n      \t\n        \n      \t\n      <\/div>\n<div class=\"uc_logo_marquee_holder elementor-repeater-item-98f79d5\">\n\t        <img decoding=\"async\" src=\"https:\/\/domuspacis.it\/wp-content\/uploads\/027_Domus_Pacis_Interni_07_24.jpg\" alt=\"Default Title\" class=\"ue_img_marquee\" title=\"\">\n      \t\n        \n      \t\n      <\/div>\n<div class=\"uc_logo_marquee_holder elementor-repeater-item-48188ab\">\n\t        <img decoding=\"async\" src=\"https:\/\/domuspacis.it\/wp-content\/uploads\/039_Domus_Pacis_Interni_07_24.jpg\" alt=\"Default Title\" class=\"ue_img_marquee\" title=\"\">\n      \t\n        \n      \t\n      <\/div>\n<div class=\"uc_logo_marquee_holder elementor-repeater-item-4ecf2c0\">\n\t        <img decoding=\"async\" src=\"https:\/\/domuspacis.it\/wp-content\/uploads\/040_Domus_Pacis_Interni_07_24.jpg\" alt=\"Default Title\" class=\"ue_img_marquee\" title=\"\">\n      \t\n        \n      \t\n      <\/div>\n<div class=\"uc_logo_marquee_holder elementor-repeater-item-c917b52\">\n\t        <img decoding=\"async\" src=\"https:\/\/domuspacis.it\/wp-content\/uploads\/014_Domus_Pacis_Interni_07_24.jpg\" alt=\"Default Title\" class=\"ue_img_marquee\" title=\"\">\n      \t\n        \n      \t\n      <\/div>\n<div class=\"uc_logo_marquee_holder elementor-repeater-item-1ff8372\">\n\t        <img decoding=\"async\" src=\"https:\/\/domuspacis.it\/wp-content\/uploads\/030_Domus_Pacis_Interni_07_24-copia.jpg\" alt=\"Default Title\" class=\"ue_img_marquee\" title=\"\">\n      \t\n        \n      \t\n      <\/div>\n<div class=\"uc_logo_marquee_holder elementor-repeater-item-aebf9ed\">\n\t        <img decoding=\"async\" src=\"https:\/\/domuspacis.it\/wp-content\/uploads\/019_Domus_Pacis_Interni_07_24.jpg\" alt=\"Default Title\" class=\"ue_img_marquee\" title=\"\">\n      \t\n        \n      \t\n      <\/div>\n<div class=\"uc_logo_marquee_holder elementor-repeater-item-6fda96e\">\n\t        <img decoding=\"async\" src=\"https:\/\/domuspacis.it\/wp-content\/uploads\/032_Domus_Pacis_Interni_07_24.jpg\" alt=\"Default Title\" class=\"ue_img_marquee\" title=\"\">\n      \t\n        \n      \t\n      <\/div>\n<div class=\"uc_logo_marquee_holder elementor-repeater-item-2e494ae\">\n\t        <img decoding=\"async\" src=\"https:\/\/domuspacis.it\/wp-content\/uploads\/035_Domus_Pacis_Interni_07_24.jpg\" alt=\"Default Title\" class=\"ue_img_marquee\" title=\"\">\n      \t\n        \n      \t\n      <\/div>\n<div class=\"uc_logo_marquee_holder elementor-repeater-item-a6b9f8b\">\n\t        <img decoding=\"async\" src=\"https:\/\/domuspacis.it\/wp-content\/uploads\/037_Domus_Pacis_Interni_07_24.jpg\" alt=\"Default Title\" class=\"ue_img_marquee\" title=\"\">\n      \t\n        \n      \t\n      <\/div>\n<div class=\"uc_logo_marquee_holder elementor-repeater-item-e97372a\">\n\t        <img decoding=\"async\" src=\"https:\/\/domuspacis.it\/wp-content\/uploads\/038_Domus_Pacis_Interni_07_24.jpg\" alt=\"Default Title\" class=\"ue_img_marquee\" title=\"\">\n      \t\n        \n      \t\n      <\/div>\n<div class=\"uc_logo_marquee_holder elementor-repeater-item-3823b1a\">\n\t        <img decoding=\"async\" src=\"https:\/\/domuspacis.it\/wp-content\/uploads\/018_Domus_Pacis_Interni_07_24.jpg\" alt=\"Default Title\" class=\"ue_img_marquee\" title=\"\">\n      \t\n        \n      \t\n      <\/div>\n\n   <\/div>\t\n  \n  <!-- Bottoni per scorrere avanti e indietro -->\n   <!--<button class=\"uc-slider-prev\">Indietro<\/button>\n   <button class=\"uc-slider-next\">Avanti<\/button>-->\n<\/div>\n<!-- end Logo Marquee -->\t\t\t\t<\/div>\n\t\t\t\t<\/div>\n\t\t\t\t\t<\/div>\n\t\t<\/div>\n\t\t\t\t\t<\/div>\n\t\t<\/section>\n\t\t\t\t<\/div>\n\t\t","protected":false},"excerpt":{"rendered":"<p>AUFENTHALT IM DOMUS PACIS KOMFORT-ZIMMER Erst k\u00fcrzlich renovierte Zimmer, die mit eleganter Schlichtheit ausgestattet sind und \u00fcber ein vollst\u00e4ndig ausgestattetes Badezimmer mit Dusche und H\u00f6flichkeitsset sowie \u00fcber einen LCD-Fernseher, F\u00f6hn, direkten Telefonanschluss, Klimaanlage, K\u00fchlschrank, Schreibtisch und Wifi-Internetverbindung verf\u00fcgen. KLASSISCHES ZIMMER Helle, komfortable und funktionell eingerichtete Zimmer, die \u00fcber ein vollst\u00e4ndig ausgestattetes Badezimmer mit Dusche und [&hellip;]<\/p>\n","protected":false},"author":1,"featured_media":0,"parent":0,"menu_order":0,"comment_status":"closed","ping_status":"closed","template":"","meta":{"footnotes":""},"class_list":["post-20350","page","type-page","status-publish","hentry"],"_links":{"self":[{"href":"https:\/\/domuspacis.it\/de\/wp-json\/wp\/v2\/pages\/20350","targetHints":{"allow":["GET"]}}],"collection":[{"href":"https:\/\/domuspacis.it\/de\/wp-json\/wp\/v2\/pages"}],"about":[{"href":"https:\/\/domuspacis.it\/de\/wp-json\/wp\/v2\/types\/page"}],"author":[{"embeddable":true,"href":"https:\/\/domuspacis.it\/de\/wp-json\/wp\/v2\/users\/1"}],"replies":[{"embeddable":true,"href":"https:\/\/domuspacis.it\/de\/wp-json\/wp\/v2\/comments?post=20350"}],"version-history":[{"count":20,"href":"https:\/\/domuspacis.it\/de\/wp-json\/wp\/v2\/pages\/20350\/revisions"}],"predecessor-version":[{"id":20751,"href":"https:\/\/domuspacis.it\/de\/wp-json\/wp\/v2\/pages\/20350\/revisions\/20751"}],"wp:attachment":[{"href":"https:\/\/domuspacis.it\/de\/wp-json\/wp\/v2\/media?parent=20350"}],"curies":[{"name":"wp","href":"https:\/\/api.w.org\/{rel}","templated":true}]}}